{"id":3595,"date":"2017-03-15T10:25:41","date_gmt":"2017-03-15T14:25:41","guid":{"rendered":"http:\/\/7a2g9abnpa.preview.infomaniak.website\/?page_id=3595"},"modified":"2023-05-24T11:35:55","modified_gmt":"2023-05-24T15:35:55","slug":"screenings-citizen-exchanges","status":"publish","type":"page","link":"https:\/\/www.cinedanse.ca\/en\/screenings-citizen-exchanges\/","title":{"rendered":"Free |Screenings |Citizen Exchanges"},"content":{"rendered":"<p style=\"text-align: justify;\"><strong><a href=\"https:\/\/www.cinedanse.ca\/wp-content\/uploads\/2017\/03\/JeanLouisFernandez47.jpg\"><img loading=\"lazy\" decoding=\"async\" class=\"alignnone  wp-image-3596\" src=\"https:\/\/www.cinedanse.ca\/wp-content\/uploads\/2017\/03\/JeanLouisFernandez47-1024x640.jpg\" alt=\"JeanLouisFernandez47\" width=\"584\" height=\"365\" srcset=\"https:\/\/www.cinedanse.ca\/wp-content\/uploads\/2017\/03\/JeanLouisFernandez47-1024x640.jpg 1024w, https:\/\/www.cinedanse.ca\/wp-content\/uploads\/2017\/03\/JeanLouisFernandez47-300x188.jpg 300w\" sizes=\"auto, (max-width: 584px) 100vw, 584px\" \/><\/a><\/strong><\/p>\n<p style=\"text-align: justify;\"><strong>In each of the cities and communities, at the end of the 3 days of workshops, an evening of projection followed by a citizen exchange will take place and sometimes other dancing activities&#8230;Detailed schedules per city at the bottom of this page.<\/strong><\/p>\n<h3 style=\"text-align: justify;\">|Screenings of Autumn&#8217;s Spring<\/h3>\n<p style=\"text-align: justify;\">The moving documentary &#8220;Autumn&#8217;s Spring&#8221;, produced by Thierry Thie\u00fb Niang, presents the fruit of seven years of work for 20 retirees from Marseille with the choreographer. Nurses, housewives, professors or doctors, aged 60 to 87, and without any choreographic experience interpret a variation of the masterpiece of Stravinsky The Rite of Spring.<\/p>\n<p style=\"text-align: justify;\">See how the show they toured on the biggest stages of the world has enriched their lives, releasing them, giving them faith in themselves and bringing a bit of spring in their autumn. A documentary that traces an extraordinary human journey.<\/p>\n<p><iframe loading=\"lazy\" src=\"https:\/\/www.youtube.com\/embed\/a3MHpY4kKNg\" width=\"500\" height=\"281\" frameborder=\"0\" allowfullscreen=\"allowfullscreen\"><\/iframe><\/p>\n<p style=\"text-align: justify;\">R\u00e9al.: Philippe Chevallier and Denis Sneguirev\u00a0| Chor.: Thierry Thie\u00fb Niang\u00a0FR | 2013 | 52\u2032<\/p>\n<h3>|Citizen Exchanges<\/h3>\n<p style=\"text-align: justify;\">A citizen exchange, a talk will follow the projection and will be animated in each city by exchanges of public personalities &#8211; artists, dance and health professionals, philosophers, sociologists, politicians &#8211; who will ask questions about our relationship with old age in our society.<\/p>\n<p style=\"text-align: justify;\">What are the roles of our elders in our societies where life expectancy is constantly increasing? How can they maintain a sense of being useful to others? Are there no building bridges between the generations of elders and the new generations?<\/p>\n<p style=\"text-align: justify;\"><span style=\"text-decoration: underline;\">All activities are free. No reservations possible.<\/span><\/p>\n<h3 style=\"text-align: justify;\">___________<\/h3>\n<p style=\"text-align: justify;\"><span style=\"text-decoration: underline;\"><strong>\u00a0<\/strong><\/span><\/p>\n<h3 style=\"text-align: justify;\"><\/h3>\n<h3>|Saint-Jean-Port-Joli,\u00a0Monday\u00a0August 14th, 7pm<\/h3>\n<p>Centre socio-culturel G\u00e9rard-Ouellet &#8211; 7-A, Place de l&#8217;\u00c9glise<\/p>\n<h3 style=\"text-align: justify;\"><\/h3>\n<h3 style=\"text-align: justify;\"><\/h3>\n<h3 style=\"text-align: justify;\">|Pasp\u00e9biac- Thursday,\u00a0August 17th, 7 pm<\/h3>\n<p>Salle multi, Centre culturel &#8211;\u00a07, boul. G\u00e9rard D. L\u00e9vesque est<\/p>\n<h3>|Ottawa &#8211; Wednesday,\u00a0August 23rd, 6pm<\/h3>\n<p>Studio, ODD &#8211; Art&#8217;s Court\u00a0&#8211; 2 Daly Ave #240<\/p>\n<h3 style=\"text-align: justify;\">|Pikogan-Tuesday, August 29th<\/h3>\n<h3 style=\"text-align: justify;\">|Kitscisakik-Thursday, August 31st<\/h3>\n<h3 style=\"text-align: justify;\">|Rouyn-Noranda- Sunday, August 3rd, 1pm<\/h3>\n<p>Main Gallery of the Centre d&#8217;exposition de Rouyn-Noranda &#8211;\u00a0201, Dallaire Ave., local 154<\/p>\n<p>___________________________<\/p>\n<h3 style=\"text-align: justify;\">|Montr\u00e9al<\/h3>\n<p style=\"text-align: justify;\"><strong>Wednesday, May 3<br \/>\nPlace des Arts (175, Sainte-Catherine ouest St.)<br \/>\n<\/strong><\/p>\n<p style=\"text-align: justify;\"><span style=\"text-decoration: underline;\"><strong>at 11am*, 1pm, 5:15pm*<\/strong> | Salle Claude-L\u00e9veill\u00e9e<br \/>\n<\/span><\/p>\n<h3 style=\"text-align: justify;\">Screenings |\u00abAutumn&#8217;s Spring\u00bb<\/h3>\n<p style=\"text-align: justify;\">*at 12pm and 5pm,\u00a0 discover the 30 participants of the workshops dancing the spring!<\/p>\n<p style=\"text-align: justify;\"><span style=\"text-decoration: underline;\"><strong>12pm\u00a0 &#8211; 1pm <\/strong>| Espace culturel Georges-Emile-Lapalme<\/span><strong><br \/>\n<\/strong><\/p>\n<h3 style=\"text-align: justify;\">Lunch Beat<br \/>\nwith DJ Dominiq Hamel<strong><br \/>\n<\/strong><\/h3>\n<p><strong>Bring your lunch and let&#8217;s dance!<br \/>\n<\/strong><\/p>\n<p><span style=\"text-decoration: underline;\"><strong>at 2pm<\/strong> | Espace Georges-\u00c9mile-Lapalme<\/span><\/p>\n<h3>Citizen Exchanges<\/h3>\n<p>Host by <strong>S\u00e9bastien Diaz<\/strong>, host and director of the TV shows Format Familial &amp; Formule Diaz, T\u00e9l\u00e9-Qu\u00e9bec<\/p>\n<p>Our guests:<br \/>\n&#8211; <strong>Jos\u00e9phine Bacon<\/strong>, innu poet;<br \/>\n&#8211; <strong>H\u00e9l\u00e8ne-Andr\u00e9e Bizier<\/strong>, historian;<br \/>\n&#8211;<strong> Jos\u00e9e Blanchette<\/strong>, journalist at Le Devoir &amp; author;<br \/>\n<strong>&#8211; Martine \u00c9poque\u00a0<\/strong>et <strong>Denis Poulin,\u00a0<\/strong>professors emeritus &amp; associate, at tje dance department, codirectors, LARTech, laboratoire de recherche-cr\u00e9ation en technochor\u00e9graphie, UQ\u00c0M (Montr\u00e9al);<b><br \/>\n<\/b><strong>&#8211; Val\u00e9rie\u00a0Lemieux<\/strong>, erg. M.Sc., agente de planification, programmation et recherche, Direction r\u00e9gionale de sant\u00e9 publique, Centre int\u00e9gr\u00e9 universitaire de sant\u00e9 et de services sociaux du Centre-Sud-de-l&#8217;\u00cele-de-Montr\u00e9al;<br \/>\n<strong>&#8211; Florence Vinit<\/strong>, professor at the psychology department, UQ\u00c0M &amp; cofounder of Jovia &#8211; Dr. Clown.<\/p>\n","protected":false},"excerpt":{"rendered":"<p>In each of the cities and communities, at the end of the 3 days of workshops, an evening of projection followed by a citizen exchange will take place and sometimes other dancing activities&#8230;Detailed schedules per city at the bottom of this page. |Screenings of Autumn&#8217;s Spring The moving documentary &#8220;Autumn&#8217;s Spring&#8221;, produced by Thierry Thie\u00fb [&#8230;]\n","protected":false},"author":15,"featured_media":0,"parent":0,"menu_order":300,"comment_status":"closed","ping_status":"closed","template":"","meta":{"_acf_changed":false,"footnotes":""},"class_list":["post-3595","page","type-page","status-publish","hentry"],"acf":[],"yoast_head":"<!-- This site is optimized with the Yoast SEO plugin v27.5 - https:\/\/yoast.com\/product\/yoast-seo-wordpress\/ -->\n<title>Free |Screenings |Citizen Exchanges | Cin\u00e9danse<\/title>\n<meta name=\"robots\" content=\"index, follow, max-snippet:-1, max-image-preview:large, max-video-preview:-1\" \/>\n<link rel=\"canonical\" href=\"https:\/\/www.cinedanse.ca\/en\/screenings-citizen-exchanges\/\" \/>\n<meta property=\"og:locale\" content=\"en_US\" \/>\n<meta property=\"og:type\" content=\"article\" \/>\n<meta property=\"og:title\" content=\"Free |Screenings |Citizen Exchanges | Cin\u00e9danse\" \/>\n<meta property=\"og:description\" content=\"In each of the cities and communities, at the end of the 3 days of workshops, an evening of projection followed by a citizen exchange will take place and sometimes other dancing activities&#8230;Detailed schedules per city at the bottom of this page. |Screenings of Autumn&#8217;s Spring The moving documentary &#8220;Autumn&#8217;s Spring&#8221;, produced by Thierry Thie\u00fb [...]\" \/>\n<meta property=\"og:url\" content=\"https:\/\/www.cinedanse.ca\/en\/screenings-citizen-exchanges\/\" \/>\n<meta property=\"og:site_name\" content=\"Cin\u00e9danse\" \/>\n<meta property=\"article:publisher\" content=\"https:\/\/www.facebook.com\/cinedanse.ca\/\" \/>\n<meta property=\"article:modified_time\" content=\"2023-05-24T15:35:55+00:00\" \/>\n<meta property=\"og:image\" content=\"https:\/\/www.cinedanse.ca\/wp-content\/uploads\/2017\/03\/JeanLouisFernandez47-1024x640.jpg\" \/>\n<meta name=\"twitter:card\" content=\"summary_large_image\" \/>\n<meta name=\"twitter:label1\" content=\"Est. reading time\" \/>\n\t<meta name=\"twitter:data1\" content=\"2 minutes\" \/>\n<script type=\"application\/ld+json\" class=\"yoast-schema-graph\">{\"@context\":\"https:\\\/\\\/schema.org\",\"@graph\":[{\"@type\":\"Article\",\"@id\":\"https:\\\/\\\/www.cinedanse.ca\\\/en\\\/screenings-citizen-exchanges\\\/#article\",\"isPartOf\":{\"@id\":\"https:\\\/\\\/www.cinedanse.ca\\\/en\\\/screenings-citizen-exchanges\\\/\"},\"author\":{\"name\":\"Simon St-Denis\",\"@id\":\"http:\\\/\\\/www.cinedanse.ca\\\/en\\\/#\\\/schema\\\/person\\\/9e9ef01025fe4f32aadf15b5966988f6\"},\"headline\":\"Free |Screenings |Citizen Exchanges\",\"datePublished\":\"2017-03-15T14:25:41+00:00\",\"dateModified\":\"2023-05-24T15:35:55+00:00\",\"mainEntityOfPage\":{\"@id\":\"https:\\\/\\\/www.cinedanse.ca\\\/en\\\/screenings-citizen-exchanges\\\/\"},\"wordCount\":504,\"image\":{\"@id\":\"https:\\\/\\\/www.cinedanse.ca\\\/en\\\/screenings-citizen-exchanges\\\/#primaryimage\"},\"thumbnailUrl\":\"https:\\\/\\\/www.cinedanse.ca\\\/wp-content\\\/uploads\\\/2017\\\/03\\\/JeanLouisFernandez47-1024x640.jpg\",\"inLanguage\":\"en-US\"},{\"@type\":\"WebPage\",\"@id\":\"https:\\\/\\\/www.cinedanse.ca\\\/en\\\/screenings-citizen-exchanges\\\/\",\"url\":\"https:\\\/\\\/www.cinedanse.ca\\\/en\\\/screenings-citizen-exchanges\\\/\",\"name\":\"Free |Screenings |Citizen Exchanges | Cin\u00e9danse\",\"isPartOf\":{\"@id\":\"http:\\\/\\\/www.cinedanse.ca\\\/en\\\/#website\"},\"primaryImageOfPage\":{\"@id\":\"https:\\\/\\\/www.cinedanse.ca\\\/en\\\/screenings-citizen-exchanges\\\/#primaryimage\"},\"image\":{\"@id\":\"https:\\\/\\\/www.cinedanse.ca\\\/en\\\/screenings-citizen-exchanges\\\/#primaryimage\"},\"thumbnailUrl\":\"https:\\\/\\\/www.cinedanse.ca\\\/wp-content\\\/uploads\\\/2017\\\/03\\\/JeanLouisFernandez47-1024x640.jpg\",\"datePublished\":\"2017-03-15T14:25:41+00:00\",\"dateModified\":\"2023-05-24T15:35:55+00:00\",\"breadcrumb\":{\"@id\":\"https:\\\/\\\/www.cinedanse.ca\\\/en\\\/screenings-citizen-exchanges\\\/#breadcrumb\"},\"inLanguage\":\"en-US\",\"potentialAction\":[{\"@type\":\"ReadAction\",\"target\":[\"https:\\\/\\\/www.cinedanse.ca\\\/en\\\/screenings-citizen-exchanges\\\/\"]}]},{\"@type\":\"ImageObject\",\"inLanguage\":\"en-US\",\"@id\":\"https:\\\/\\\/www.cinedanse.ca\\\/en\\\/screenings-citizen-exchanges\\\/#primaryimage\",\"url\":\"https:\\\/\\\/www.cinedanse.ca\\\/wp-content\\\/uploads\\\/2017\\\/03\\\/JeanLouisFernandez47-1024x640.jpg\",\"contentUrl\":\"https:\\\/\\\/www.cinedanse.ca\\\/wp-content\\\/uploads\\\/2017\\\/03\\\/JeanLouisFernandez47-1024x640.jpg\"},{\"@type\":\"BreadcrumbList\",\"@id\":\"https:\\\/\\\/www.cinedanse.ca\\\/en\\\/screenings-citizen-exchanges\\\/#breadcrumb\",\"itemListElement\":[{\"@type\":\"ListItem\",\"position\":1,\"name\":\"Accueil\",\"item\":\"http:\\\/\\\/www.cinedanse.ca\\\/en\\\/\"},{\"@type\":\"ListItem\",\"position\":2,\"name\":\"Free |Screenings |Citizen Exchanges\"}]},{\"@type\":\"WebSite\",\"@id\":\"http:\\\/\\\/www.cinedanse.ca\\\/en\\\/#website\",\"url\":\"http:\\\/\\\/www.cinedanse.ca\\\/en\\\/\",\"name\":\"Cin\u00e9danse\",\"description\":\"Because our world truly needs to dance!\",\"alternateName\":\"Cin\u00e9danse\",\"potentialAction\":[{\"@type\":\"SearchAction\",\"target\":{\"@type\":\"EntryPoint\",\"urlTemplate\":\"http:\\\/\\\/www.cinedanse.ca\\\/en\\\/?s={search_term_string}\"},\"query-input\":{\"@type\":\"PropertyValueSpecification\",\"valueRequired\":true,\"valueName\":\"search_term_string\"}}],\"inLanguage\":\"en-US\"},{\"@type\":\"Person\",\"@id\":\"http:\\\/\\\/www.cinedanse.ca\\\/en\\\/#\\\/schema\\\/person\\\/9e9ef01025fe4f32aadf15b5966988f6\",\"name\":\"Simon St-Denis\",\"image\":{\"@type\":\"ImageObject\",\"inLanguage\":\"en-US\",\"@id\":\"https:\\\/\\\/secure.gravatar.com\\\/avatar\\\/0905d0761a60352e2f08ea602826cd460fb3731a772a2162afa5b41bca5e5706?s=96&d=mm&r=g\",\"url\":\"https:\\\/\\\/secure.gravatar.com\\\/avatar\\\/0905d0761a60352e2f08ea602826cd460fb3731a772a2162afa5b41bca5e5706?s=96&d=mm&r=g\",\"contentUrl\":\"https:\\\/\\\/secure.gravatar.com\\\/avatar\\\/0905d0761a60352e2f08ea602826cd460fb3731a772a2162afa5b41bca5e5706?s=96&d=mm&r=g\",\"caption\":\"Simon St-Denis\"}}]}<\/script>\n<!-- \/ Yoast SEO plugin. -->","yoast_head_json":{"title":"Free |Screenings |Citizen Exchanges | Cin\u00e9danse","robots":{"index":"index","follow":"follow","max-snippet":"max-snippet:-1","max-image-preview":"max-image-preview:large","max-video-preview":"max-video-preview:-1"},"canonical":"https:\/\/www.cinedanse.ca\/en\/screenings-citizen-exchanges\/","og_locale":"en_US","og_type":"article","og_title":"Free |Screenings |Citizen Exchanges | Cin\u00e9danse","og_description":"In each of the cities and communities, at the end of the 3 days of workshops, an evening of projection followed by a citizen exchange will take place and sometimes other dancing activities&#8230;Detailed schedules per city at the bottom of this page. |Screenings of Autumn&#8217;s Spring The moving documentary &#8220;Autumn&#8217;s Spring&#8221;, produced by Thierry Thie\u00fb [...]","og_url":"https:\/\/www.cinedanse.ca\/en\/screenings-citizen-exchanges\/","og_site_name":"Cin\u00e9danse","article_publisher":"https:\/\/www.facebook.com\/cinedanse.ca\/","article_modified_time":"2023-05-24T15:35:55+00:00","og_image":[{"url":"https:\/\/www.cinedanse.ca\/wp-content\/uploads\/2017\/03\/JeanLouisFernandez47-1024x640.jpg","type":"","width":"","height":""}],"twitter_card":"summary_large_image","twitter_misc":{"Est. reading time":"2 minutes"},"schema":{"@context":"https:\/\/schema.org","@graph":[{"@type":"Article","@id":"https:\/\/www.cinedanse.ca\/en\/screenings-citizen-exchanges\/#article","isPartOf":{"@id":"https:\/\/www.cinedanse.ca\/en\/screenings-citizen-exchanges\/"},"author":{"name":"Simon St-Denis","@id":"http:\/\/www.cinedanse.ca\/en\/#\/schema\/person\/9e9ef01025fe4f32aadf15b5966988f6"},"headline":"Free |Screenings |Citizen Exchanges","datePublished":"2017-03-15T14:25:41+00:00","dateModified":"2023-05-24T15:35:55+00:00","mainEntityOfPage":{"@id":"https:\/\/www.cinedanse.ca\/en\/screenings-citizen-exchanges\/"},"wordCount":504,"image":{"@id":"https:\/\/www.cinedanse.ca\/en\/screenings-citizen-exchanges\/#primaryimage"},"thumbnailUrl":"https:\/\/www.cinedanse.ca\/wp-content\/uploads\/2017\/03\/JeanLouisFernandez47-1024x640.jpg","inLanguage":"en-US"},{"@type":"WebPage","@id":"https:\/\/www.cinedanse.ca\/en\/screenings-citizen-exchanges\/","url":"https:\/\/www.cinedanse.ca\/en\/screenings-citizen-exchanges\/","name":"Free |Screenings |Citizen Exchanges | Cin\u00e9danse","isPartOf":{"@id":"http:\/\/www.cinedanse.ca\/en\/#website"},"primaryImageOfPage":{"@id":"https:\/\/www.cinedanse.ca\/en\/screenings-citizen-exchanges\/#primaryimage"},"image":{"@id":"https:\/\/www.cinedanse.ca\/en\/screenings-citizen-exchanges\/#primaryimage"},"thumbnailUrl":"https:\/\/www.cinedanse.ca\/wp-content\/uploads\/2017\/03\/JeanLouisFernandez47-1024x640.jpg","datePublished":"2017-03-15T14:25:41+00:00","dateModified":"2023-05-24T15:35:55+00:00","breadcrumb":{"@id":"https:\/\/www.cinedanse.ca\/en\/screenings-citizen-exchanges\/#breadcrumb"},"inLanguage":"en-US","potentialAction":[{"@type":"ReadAction","target":["https:\/\/www.cinedanse.ca\/en\/screenings-citizen-exchanges\/"]}]},{"@type":"ImageObject","inLanguage":"en-US","@id":"https:\/\/www.cinedanse.ca\/en\/screenings-citizen-exchanges\/#primaryimage","url":"https:\/\/www.cinedanse.ca\/wp-content\/uploads\/2017\/03\/JeanLouisFernandez47-1024x640.jpg","contentUrl":"https:\/\/www.cinedanse.ca\/wp-content\/uploads\/2017\/03\/JeanLouisFernandez47-1024x640.jpg"},{"@type":"BreadcrumbList","@id":"https:\/\/www.cinedanse.ca\/en\/screenings-citizen-exchanges\/#breadcrumb","itemListElement":[{"@type":"ListItem","position":1,"name":"Accueil","item":"http:\/\/www.cinedanse.ca\/en\/"},{"@type":"ListItem","position":2,"name":"Free |Screenings |Citizen Exchanges"}]},{"@type":"WebSite","@id":"http:\/\/www.cinedanse.ca\/en\/#website","url":"http:\/\/www.cinedanse.ca\/en\/","name":"Cin\u00e9danse","description":"Because our world truly needs to dance!","alternateName":"Cin\u00e9danse","potentialAction":[{"@type":"SearchAction","target":{"@type":"EntryPoint","urlTemplate":"http:\/\/www.cinedanse.ca\/en\/?s={search_term_string}"},"query-input":{"@type":"PropertyValueSpecification","valueRequired":true,"valueName":"search_term_string"}}],"inLanguage":"en-US"},{"@type":"Person","@id":"http:\/\/www.cinedanse.ca\/en\/#\/schema\/person\/9e9ef01025fe4f32aadf15b5966988f6","name":"Simon St-Denis","image":{"@type":"ImageObject","inLanguage":"en-US","@id":"https:\/\/secure.gravatar.com\/avatar\/0905d0761a60352e2f08ea602826cd460fb3731a772a2162afa5b41bca5e5706?s=96&d=mm&r=g","url":"https:\/\/secure.gravatar.com\/avatar\/0905d0761a60352e2f08ea602826cd460fb3731a772a2162afa5b41bca5e5706?s=96&d=mm&r=g","contentUrl":"https:\/\/secure.gravatar.com\/avatar\/0905d0761a60352e2f08ea602826cd460fb3731a772a2162afa5b41bca5e5706?s=96&d=mm&r=g","caption":"Simon St-Denis"}}]}},"_links":{"self":[{"href":"https:\/\/www.cinedanse.ca\/en\/wp-json\/wp\/v2\/pages\/3595","targetHints":{"allow":["GET"]}}],"collection":[{"href":"https:\/\/www.cinedanse.ca\/en\/wp-json\/wp\/v2\/pages"}],"about":[{"href":"https:\/\/www.cinedanse.ca\/en\/wp-json\/wp\/v2\/types\/page"}],"author":[{"embeddable":true,"href":"https:\/\/www.cinedanse.ca\/en\/wp-json\/wp\/v2\/users\/15"}],"replies":[{"embeddable":true,"href":"https:\/\/www.cinedanse.ca\/en\/wp-json\/wp\/v2\/comments?post=3595"}],"version-history":[{"count":0,"href":"https:\/\/www.cinedanse.ca\/en\/wp-json\/wp\/v2\/pages\/3595\/revisions"}],"wp:attachment":[{"href":"https:\/\/www.cinedanse.ca\/en\/wp-json\/wp\/v2\/media?parent=3595"}],"curies":[{"name":"wp","href":"https:\/\/api.w.org\/{rel}","templated":true}]}}