{"id":19537,"date":"2024-09-03T10:59:30","date_gmt":"2024-09-03T14:59:30","guid":{"rendered":"https:\/\/www.cinedanse.ca\/?page_id=19537"},"modified":"2025-06-10T13:12:15","modified_gmt":"2025-06-10T17:12:15","slug":"sept-iles-2024-rencontres-professionnelles","status":"publish","type":"page","link":"https:\/\/www.cinedanse.ca\/en\/sept-iles-2024-rencontres-professionnelles\/","title":{"rendered":"Sept-\u00celes 2024 &#8211; Rencontres professionnelles"},"content":{"rendered":"\t<div class=\"img has-hover x md-x lg-x y md-y lg-y\" id=\"image_1496563334\">\n\t\t\t\t\t\t\t\t<div class=\"img-inner dark\" >\n\t\t\t<img loading=\"lazy\" decoding=\"async\" width=\"1020\" height=\"660\" src=\"https:\/\/www.cinedanse.ca\/wp-content\/uploads\/2024\/09\/affiche_11x17_Rencontres_Professionnells_2-1024x663.jpg\" class=\"attachment-large size-large\" alt=\"Rencontres Professionnellles\" srcset=\"https:\/\/www.cinedanse.ca\/wp-content\/uploads\/2024\/09\/affiche_11x17_Rencontres_Professionnells_2-1024x663.jpg 1024w, https:\/\/www.cinedanse.ca\/wp-content\/uploads\/2024\/09\/affiche_11x17_Rencontres_Professionnells_2-300x194.jpg 300w, https:\/\/www.cinedanse.ca\/wp-content\/uploads\/2024\/09\/affiche_11x17_Rencontres_Professionnells_2-768x497.jpg 768w, https:\/\/www.cinedanse.ca\/wp-content\/uploads\/2024\/09\/affiche_11x17_Rencontres_Professionnells_2.jpg 1480w\" sizes=\"auto, (max-width: 1020px) 100vw, 1020px\" \/>\t\t\t\t\t\t\n\t\t\t\t\t<\/div>\n\t\t\t\t\t\t\t\t\n<style>\n#image_1496563334 {\n  width: 100%;\n}\n<\/style>\n\t<\/div>\n\t\n\t<div id=\"gap-592212570\" class=\"gap-element clearfix\" style=\"display:block; height:auto;\">\n\t\t\n<style>\n#gap-592212570 {\n  padding-top: 30px;\n}\n<\/style>\n\t<\/div>\n\t\n\t<div id=\"text-422471847\" class=\"text titresEvenements\">\n\t\t\n<h2 style=\"color: #ff4250; margin-bottom: 0;\">Rencontres professionnelles<\/h2>\n<h3 style=\"color: black;\">\u00ab Regards sur nos danses \u00e0 l\u2019\u00e8re num\u00e9rique \u00bb<\/h3>\n\t\t\t<\/div>\n\t\n<blockquote>\n<p>Nous sommes tous des passeurs, nous sommes tous des danseurs.<\/p>\n<\/blockquote>\n\t<div id=\"gap-101418876\" class=\"gap-element clearfix\" style=\"display:block; height:auto;\">\n\t\t\n<style>\n#gap-101418876 {\n  padding-top: 30px;\n}\n<\/style>\n\t<\/div>\n\t\n<div class=\"row\"  id=\"row-732268471\">\n\n\t<div id=\"col-1984018773\" class=\"col medium-6 small-12 large-6\"  >\n\t\t\t\t<div class=\"col-inner\"  >\n\t\t\t\n\t\t\t\n<h3 style=\"font-weight: 800;\">QUATRE JOURS d\u2019ateliers pratiques, de projections, d\u2019\u00e9changes, de classes de ma\u00eetres et de spectacles !<\/h3>\n<p>Pour conclure en beaut\u00e9 et avec perspective notre \u00e9v\u00e9nement nomade Cin\u00e9danse 2024, nous invitons les artistes et le grand public, de Sept-\u00celes, de la C\u00f4te-Nord et d\u2019ailleurs au Qu\u00e9bec \u00e0 participer \u00e0 ces quatre journ\u00e9es de rencontres professionnelles <strong>\u00ab Regards sur nos danses \u00e0 l\u2019\u00e8re num\u00e9rique \u00bb<\/strong>.<\/p>\n<p>Ces journ\u00e9es ont pour ambition de cr\u00e9er des ponts entre les cr\u00e9ateurs ainsi que de vous mettre en contact avec des acteurs strat\u00e9giques du monde de la danse, du cin\u00e9ma, des arts visuels et num\u00e9riques ainsi que des \u00e9coles professionnelles.<\/p>\n<p>Ce dernier volet de notre \u00e9v\u00e8nement Cin\u00e9danse \u00e0 Sept-\u00celes est organis\u00e9 en \u00e9troite collaboration avec le <strong>Cegep de Sept-\u00celes<\/strong>, son programme d\u2019Arts visuels, <strong>Culture C\u00f4te-Nord<\/strong> et <strong>l\u2019Atelier de la 8e \u00cele<\/strong>.<\/p>\n\t\t<\/div>\n\t\t\t\t\t<\/div>\n\n\t\n\n\t<div id=\"col-371465571\" class=\"col medium-6 small-12 large-6\"  >\n\t\t\t\t<div class=\"col-inner\"  >\n\t\t\t\n\t\t\t\n<p>Avec <strong>Denis Poulin<\/strong>, pionnier mondial de la capture de mouvement (MoCap) de Montr\u00e9al, la chor\u00e9graphe et r\u00e9alisatrice <strong>Chantal Caron<\/strong> de Saint-Jean-Port-Joli, le photographe et artiste multidisciplinaire <strong>Yako<\/strong> de Montr\u00e9al.<\/p>\n<p>\u00c0 ne pas rater, le spectacle &#8220;<strong>Habitat<\/strong>&#8221; de <strong>Bettina Szabo<\/strong>, une chor\u00e9graphe n\u00e9e en Uruguay \u00e9tablie \u00e0 Montr\u00e9al, qui explore l\u2019interaction entre le corps, l\u2019espace et la m\u00e9moire avec une sensibilit\u00e9 in\u00e9gal\u00e9e.\u00a0Un solo s\u2019inspirant du cycle de vie des bernard-l\u2019hermite comme m\u00e9taphore du processus d\u2019\u00e9migration de l\u2019interpr\u00e8te.<\/p>\n<p>D\u00e9couvrez le film documentaire, <strong>\u00ab Ce pas qui vient de soi \u00bb<\/strong>, sur <strong>Francoise Sullivan<\/strong>, co-signataire du Refus global et qui pratique toujours son art \u00e0 101 ans.<\/p>\n<p>La projection des films en nominations pour le Prix Lumi\u00e8re cl\u00f4tura les rencontres.<\/p>\n\t\t<\/div>\n\t\t\t\t\t<\/div>\n\n\t\n<\/div>\n\t<div id=\"gap-478749863\" class=\"gap-element clearfix\" style=\"display:block; height:auto;\">\n\t\t\n<style>\n#gap-478749863 {\n  padding-top: 30px;\n}\n<\/style>\n\t<\/div>\n\t\n<a href=\"https:\/\/www.cinedanse.ca\/cinedanse-edition-2024-sept-iles\/\" class=\"button secondary\" >\n\t\t<span>Retour \u00e0 Cin\u00e9danse \u00c9dition 2024 \u2013 Sept-\u00celes<\/span>\n\t<\/a>\n\n","protected":false},"excerpt":{"rendered":"<p>Nous sommes tous des passeurs, nous sommes tous des danseurs.<\/p>\n","protected":false},"author":1,"featured_media":19565,"parent":0,"menu_order":201,"comment_status":"closed","ping_status":"closed","template":"","meta":{"_acf_changed":false,"footnotes":""},"class_list":["post-19537","page","type-page","status-publish","has-post-thumbnail","hentry"],"acf":[],"yoast_head":"<!-- This site is optimized with the Yoast SEO plugin v27.5 - https:\/\/yoast.com\/product\/yoast-seo-wordpress\/ -->\n<title>Cin\u00e9danse Sept-\u00celes 2024 \u2013 Rencontres professionnelles<\/title>\n<meta name=\"description\" content=\"Suite aux \u00e9ditions pr\u00e9c\u00e9dentes, nous avons l\u2019ambition de pousser plus loin nos rencontres professionnelles afin qu\u2019elles deviennent des \u00e9chos,\" \/>\n<meta name=\"robots\" content=\"index, follow, max-snippet:-1, max-image-preview:large, max-video-preview:-1\" \/>\n<link rel=\"canonical\" href=\"https:\/\/www.cinedanse.ca\/en\/sept-iles-2024-rencontres-professionnelles\/\" \/>\n<meta property=\"og:locale\" content=\"en_US\" \/>\n<meta property=\"og:type\" content=\"article\" \/>\n<meta property=\"og:title\" content=\"Cin\u00e9danse Sept-\u00celes 2024 \u2013 Rencontres professionnelles\" \/>\n<meta property=\"og:description\" content=\"Suite aux \u00e9ditions pr\u00e9c\u00e9dentes, nous avons l\u2019ambition de pousser plus loin nos rencontres professionnelles afin qu\u2019elles deviennent des \u00e9chos,\" \/>\n<meta property=\"og:url\" content=\"https:\/\/www.cinedanse.ca\/en\/sept-iles-2024-rencontres-professionnelles\/\" \/>\n<meta property=\"og:site_name\" content=\"Cin\u00e9danse\" \/>\n<meta property=\"article:publisher\" content=\"https:\/\/www.facebook.com\/cinedanse.ca\/\" \/>\n<meta property=\"article:modified_time\" content=\"2025-06-10T17:12:15+00:00\" \/>\n<meta property=\"og:image\" content=\"https:\/\/www.cinedanse.ca\/wp-content\/uploads\/2024\/09\/affiche_11x17_Rencontres_Professionnells.jpg\" \/>\n\t<meta property=\"og:image:width\" content=\"1224\" \/>\n\t<meta property=\"og:image:height\" content=\"792\" \/>\n\t<meta property=\"og:image:type\" content=\"image\/jpeg\" \/>\n<meta name=\"twitter:card\" content=\"summary_large_image\" \/>\n<meta name=\"twitter:title\" content=\"Cin\u00e9danse Sept-\u00celes 2024 \u2013 Rencontres professionnelles\" \/>\n<meta name=\"twitter:description\" content=\"Suite aux \u00e9ditions pr\u00e9c\u00e9dentes, nous avons l\u2019ambition de pousser plus loin nos rencontres professionnelles afin qu\u2019elles deviennent des \u00e9chos,\" \/>\n<meta name=\"twitter:image\" content=\"https:\/\/www.cinedanse.ca\/wp-content\/uploads\/2024\/09\/affiche_11x17_Rencontres_Professionnells.jpg\" \/>\n<meta name=\"twitter:label1\" content=\"Est. reading time\" \/>\n\t<meta name=\"twitter:data1\" content=\"1 minute\" \/>\n<script type=\"application\/ld+json\" class=\"yoast-schema-graph\">{\"@context\":\"https:\\\/\\\/schema.org\",\"@graph\":[{\"@type\":\"Article\",\"@id\":\"https:\\\/\\\/www.cinedanse.ca\\\/en\\\/sept-iles-2024-rencontres-professionnelles\\\/#article\",\"isPartOf\":{\"@id\":\"https:\\\/\\\/www.cinedanse.ca\\\/en\\\/sept-iles-2024-rencontres-professionnelles\\\/\"},\"author\":{\"name\":\"La caravane\",\"@id\":\"http:\\\/\\\/www.cinedanse.ca\\\/en\\\/#\\\/schema\\\/person\\\/79b8f2019e07bb50aca5282b0d205f82\"},\"headline\":\"Sept-\u00celes 2024 &#8211; Rencontres professionnelles\",\"datePublished\":\"2024-09-03T14:59:30+00:00\",\"dateModified\":\"2025-06-10T17:12:15+00:00\",\"mainEntityOfPage\":{\"@id\":\"https:\\\/\\\/www.cinedanse.ca\\\/en\\\/sept-iles-2024-rencontres-professionnelles\\\/\"},\"wordCount\":349,\"image\":{\"@id\":\"https:\\\/\\\/www.cinedanse.ca\\\/en\\\/sept-iles-2024-rencontres-professionnelles\\\/#primaryimage\"},\"thumbnailUrl\":\"https:\\\/\\\/www.cinedanse.ca\\\/wp-content\\\/uploads\\\/2024\\\/09\\\/affiche_11x17_Rencontres_Professionnells.jpg\",\"inLanguage\":\"en-US\"},{\"@type\":\"WebPage\",\"@id\":\"https:\\\/\\\/www.cinedanse.ca\\\/en\\\/sept-iles-2024-rencontres-professionnelles\\\/\",\"url\":\"https:\\\/\\\/www.cinedanse.ca\\\/en\\\/sept-iles-2024-rencontres-professionnelles\\\/\",\"name\":\"Cin\u00e9danse Sept-\u00celes 2024 \u2013 Rencontres professionnelles\",\"isPartOf\":{\"@id\":\"http:\\\/\\\/www.cinedanse.ca\\\/en\\\/#website\"},\"primaryImageOfPage\":{\"@id\":\"https:\\\/\\\/www.cinedanse.ca\\\/en\\\/sept-iles-2024-rencontres-professionnelles\\\/#primaryimage\"},\"image\":{\"@id\":\"https:\\\/\\\/www.cinedanse.ca\\\/en\\\/sept-iles-2024-rencontres-professionnelles\\\/#primaryimage\"},\"thumbnailUrl\":\"https:\\\/\\\/www.cinedanse.ca\\\/wp-content\\\/uploads\\\/2024\\\/09\\\/affiche_11x17_Rencontres_Professionnells.jpg\",\"datePublished\":\"2024-09-03T14:59:30+00:00\",\"dateModified\":\"2025-06-10T17:12:15+00:00\",\"description\":\"Suite aux \u00e9ditions pr\u00e9c\u00e9dentes, nous avons l\u2019ambition de pousser plus loin nos rencontres professionnelles afin qu\u2019elles deviennent des \u00e9chos,\",\"breadcrumb\":{\"@id\":\"https:\\\/\\\/www.cinedanse.ca\\\/en\\\/sept-iles-2024-rencontres-professionnelles\\\/#breadcrumb\"},\"inLanguage\":\"en-US\",\"potentialAction\":[{\"@type\":\"ReadAction\",\"target\":[\"https:\\\/\\\/www.cinedanse.ca\\\/en\\\/sept-iles-2024-rencontres-professionnelles\\\/\"]}]},{\"@type\":\"ImageObject\",\"inLanguage\":\"en-US\",\"@id\":\"https:\\\/\\\/www.cinedanse.ca\\\/en\\\/sept-iles-2024-rencontres-professionnelles\\\/#primaryimage\",\"url\":\"https:\\\/\\\/www.cinedanse.ca\\\/wp-content\\\/uploads\\\/2024\\\/09\\\/affiche_11x17_Rencontres_Professionnells.jpg\",\"contentUrl\":\"https:\\\/\\\/www.cinedanse.ca\\\/wp-content\\\/uploads\\\/2024\\\/09\\\/affiche_11x17_Rencontres_Professionnells.jpg\",\"width\":1224,\"height\":792,\"caption\":\"Cin\u00e9danse Sept-\u00celes 2024 - Rencontres Professionnelles\"},{\"@type\":\"BreadcrumbList\",\"@id\":\"https:\\\/\\\/www.cinedanse.ca\\\/en\\\/sept-iles-2024-rencontres-professionnelles\\\/#breadcrumb\",\"itemListElement\":[{\"@type\":\"ListItem\",\"position\":1,\"name\":\"Accueil\",\"item\":\"http:\\\/\\\/www.cinedanse.ca\\\/en\\\/\"},{\"@type\":\"ListItem\",\"position\":2,\"name\":\"Sept-\u00celes 2024 &#8211; Rencontres professionnelles\"}]},{\"@type\":\"WebSite\",\"@id\":\"http:\\\/\\\/www.cinedanse.ca\\\/en\\\/#website\",\"url\":\"http:\\\/\\\/www.cinedanse.ca\\\/en\\\/\",\"name\":\"Cin\u00e9danse\",\"description\":\"Because our world truly needs to dance!\",\"alternateName\":\"Cin\u00e9danse\",\"potentialAction\":[{\"@type\":\"SearchAction\",\"target\":{\"@type\":\"EntryPoint\",\"urlTemplate\":\"http:\\\/\\\/www.cinedanse.ca\\\/en\\\/?s={search_term_string}\"},\"query-input\":{\"@type\":\"PropertyValueSpecification\",\"valueRequired\":true,\"valueName\":\"search_term_string\"}}],\"inLanguage\":\"en-US\"},{\"@type\":\"Person\",\"@id\":\"http:\\\/\\\/www.cinedanse.ca\\\/en\\\/#\\\/schema\\\/person\\\/79b8f2019e07bb50aca5282b0d205f82\",\"name\":\"La caravane\",\"image\":{\"@type\":\"ImageObject\",\"inLanguage\":\"en-US\",\"@id\":\"https:\\\/\\\/secure.gravatar.com\\\/avatar\\\/db01b9248bc010eb09c34490e55d55b0ee23172ba8caad40e7e4316bac28c164?s=96&d=mm&r=g\",\"url\":\"https:\\\/\\\/secure.gravatar.com\\\/avatar\\\/db01b9248bc010eb09c34490e55d55b0ee23172ba8caad40e7e4316bac28c164?s=96&d=mm&r=g\",\"contentUrl\":\"https:\\\/\\\/secure.gravatar.com\\\/avatar\\\/db01b9248bc010eb09c34490e55d55b0ee23172ba8caad40e7e4316bac28c164?s=96&d=mm&r=g\",\"caption\":\"La caravane\"}}]}<\/script>\n<!-- \/ Yoast SEO plugin. -->","yoast_head_json":{"title":"Cin\u00e9danse Sept-\u00celes 2024 \u2013 Rencontres professionnelles","description":"Suite aux \u00e9ditions pr\u00e9c\u00e9dentes, nous avons l\u2019ambition de pousser plus loin nos rencontres professionnelles afin qu\u2019elles deviennent des \u00e9chos,","robots":{"index":"index","follow":"follow","max-snippet":"max-snippet:-1","max-image-preview":"max-image-preview:large","max-video-preview":"max-video-preview:-1"},"canonical":"https:\/\/www.cinedanse.ca\/en\/sept-iles-2024-rencontres-professionnelles\/","og_locale":"en_US","og_type":"article","og_title":"Cin\u00e9danse Sept-\u00celes 2024 \u2013 Rencontres professionnelles","og_description":"Suite aux \u00e9ditions pr\u00e9c\u00e9dentes, nous avons l\u2019ambition de pousser plus loin nos rencontres professionnelles afin qu\u2019elles deviennent des \u00e9chos,","og_url":"https:\/\/www.cinedanse.ca\/en\/sept-iles-2024-rencontres-professionnelles\/","og_site_name":"Cin\u00e9danse","article_publisher":"https:\/\/www.facebook.com\/cinedanse.ca\/","article_modified_time":"2025-06-10T17:12:15+00:00","og_image":[{"width":1224,"height":792,"url":"https:\/\/www.cinedanse.ca\/wp-content\/uploads\/2024\/09\/affiche_11x17_Rencontres_Professionnells.jpg","type":"image\/jpeg"}],"twitter_card":"summary_large_image","twitter_title":"Cin\u00e9danse Sept-\u00celes 2024 \u2013 Rencontres professionnelles","twitter_description":"Suite aux \u00e9ditions pr\u00e9c\u00e9dentes, nous avons l\u2019ambition de pousser plus loin nos rencontres professionnelles afin qu\u2019elles deviennent des \u00e9chos,","twitter_image":"https:\/\/www.cinedanse.ca\/wp-content\/uploads\/2024\/09\/affiche_11x17_Rencontres_Professionnells.jpg","twitter_misc":{"Est. reading time":"1 minute"},"schema":{"@context":"https:\/\/schema.org","@graph":[{"@type":"Article","@id":"https:\/\/www.cinedanse.ca\/en\/sept-iles-2024-rencontres-professionnelles\/#article","isPartOf":{"@id":"https:\/\/www.cinedanse.ca\/en\/sept-iles-2024-rencontres-professionnelles\/"},"author":{"name":"La caravane","@id":"http:\/\/www.cinedanse.ca\/en\/#\/schema\/person\/79b8f2019e07bb50aca5282b0d205f82"},"headline":"Sept-\u00celes 2024 &#8211; Rencontres professionnelles","datePublished":"2024-09-03T14:59:30+00:00","dateModified":"2025-06-10T17:12:15+00:00","mainEntityOfPage":{"@id":"https:\/\/www.cinedanse.ca\/en\/sept-iles-2024-rencontres-professionnelles\/"},"wordCount":349,"image":{"@id":"https:\/\/www.cinedanse.ca\/en\/sept-iles-2024-rencontres-professionnelles\/#primaryimage"},"thumbnailUrl":"https:\/\/www.cinedanse.ca\/wp-content\/uploads\/2024\/09\/affiche_11x17_Rencontres_Professionnells.jpg","inLanguage":"en-US"},{"@type":"WebPage","@id":"https:\/\/www.cinedanse.ca\/en\/sept-iles-2024-rencontres-professionnelles\/","url":"https:\/\/www.cinedanse.ca\/en\/sept-iles-2024-rencontres-professionnelles\/","name":"Cin\u00e9danse Sept-\u00celes 2024 \u2013 Rencontres professionnelles","isPartOf":{"@id":"http:\/\/www.cinedanse.ca\/en\/#website"},"primaryImageOfPage":{"@id":"https:\/\/www.cinedanse.ca\/en\/sept-iles-2024-rencontres-professionnelles\/#primaryimage"},"image":{"@id":"https:\/\/www.cinedanse.ca\/en\/sept-iles-2024-rencontres-professionnelles\/#primaryimage"},"thumbnailUrl":"https:\/\/www.cinedanse.ca\/wp-content\/uploads\/2024\/09\/affiche_11x17_Rencontres_Professionnells.jpg","datePublished":"2024-09-03T14:59:30+00:00","dateModified":"2025-06-10T17:12:15+00:00","description":"Suite aux \u00e9ditions pr\u00e9c\u00e9dentes, nous avons l\u2019ambition de pousser plus loin nos rencontres professionnelles afin qu\u2019elles deviennent des \u00e9chos,","breadcrumb":{"@id":"https:\/\/www.cinedanse.ca\/en\/sept-iles-2024-rencontres-professionnelles\/#breadcrumb"},"inLanguage":"en-US","potentialAction":[{"@type":"ReadAction","target":["https:\/\/www.cinedanse.ca\/en\/sept-iles-2024-rencontres-professionnelles\/"]}]},{"@type":"ImageObject","inLanguage":"en-US","@id":"https:\/\/www.cinedanse.ca\/en\/sept-iles-2024-rencontres-professionnelles\/#primaryimage","url":"https:\/\/www.cinedanse.ca\/wp-content\/uploads\/2024\/09\/affiche_11x17_Rencontres_Professionnells.jpg","contentUrl":"https:\/\/www.cinedanse.ca\/wp-content\/uploads\/2024\/09\/affiche_11x17_Rencontres_Professionnells.jpg","width":1224,"height":792,"caption":"Cin\u00e9danse Sept-\u00celes 2024 - Rencontres Professionnelles"},{"@type":"BreadcrumbList","@id":"https:\/\/www.cinedanse.ca\/en\/sept-iles-2024-rencontres-professionnelles\/#breadcrumb","itemListElement":[{"@type":"ListItem","position":1,"name":"Accueil","item":"http:\/\/www.cinedanse.ca\/en\/"},{"@type":"ListItem","position":2,"name":"Sept-\u00celes 2024 &#8211; Rencontres professionnelles"}]},{"@type":"WebSite","@id":"http:\/\/www.cinedanse.ca\/en\/#website","url":"http:\/\/www.cinedanse.ca\/en\/","name":"Cin\u00e9danse","description":"Because our world truly needs to dance!","alternateName":"Cin\u00e9danse","potentialAction":[{"@type":"SearchAction","target":{"@type":"EntryPoint","urlTemplate":"http:\/\/www.cinedanse.ca\/en\/?s={search_term_string}"},"query-input":{"@type":"PropertyValueSpecification","valueRequired":true,"valueName":"search_term_string"}}],"inLanguage":"en-US"},{"@type":"Person","@id":"http:\/\/www.cinedanse.ca\/en\/#\/schema\/person\/79b8f2019e07bb50aca5282b0d205f82","name":"La caravane","image":{"@type":"ImageObject","inLanguage":"en-US","@id":"https:\/\/secure.gravatar.com\/avatar\/db01b9248bc010eb09c34490e55d55b0ee23172ba8caad40e7e4316bac28c164?s=96&d=mm&r=g","url":"https:\/\/secure.gravatar.com\/avatar\/db01b9248bc010eb09c34490e55d55b0ee23172ba8caad40e7e4316bac28c164?s=96&d=mm&r=g","contentUrl":"https:\/\/secure.gravatar.com\/avatar\/db01b9248bc010eb09c34490e55d55b0ee23172ba8caad40e7e4316bac28c164?s=96&d=mm&r=g","caption":"La caravane"}}]}},"_links":{"self":[{"href":"https:\/\/www.cinedanse.ca\/en\/wp-json\/wp\/v2\/pages\/19537","targetHints":{"allow":["GET"]}}],"collection":[{"href":"https:\/\/www.cinedanse.ca\/en\/wp-json\/wp\/v2\/pages"}],"about":[{"href":"https:\/\/www.cinedanse.ca\/en\/wp-json\/wp\/v2\/types\/page"}],"author":[{"embeddable":true,"href":"https:\/\/www.cinedanse.ca\/en\/wp-json\/wp\/v2\/users\/1"}],"replies":[{"embeddable":true,"href":"https:\/\/www.cinedanse.ca\/en\/wp-json\/wp\/v2\/comments?post=19537"}],"version-history":[{"count":0,"href":"https:\/\/www.cinedanse.ca\/en\/wp-json\/wp\/v2\/pages\/19537\/revisions"}],"wp:featuredmedia":[{"embeddable":true,"href":"https:\/\/www.cinedanse.ca\/en\/wp-json\/wp\/v2\/media\/19565"}],"wp:attachment":[{"href":"https:\/\/www.cinedanse.ca\/en\/wp-json\/wp\/v2\/media?parent=19537"}],"curies":[{"name":"wp","href":"https:\/\/api.w.org\/{rel}","templated":true}]}}