{"id":18157,"date":"2024-07-02T09:43:36","date_gmt":"2024-07-02T13:43:36","guid":{"rendered":"https:\/\/www.cinedanse.ca\/?page_id=18157"},"modified":"2025-06-10T13:13:38","modified_gmt":"2025-06-10T17:13:38","slug":"cinedanse-edition-2024-sept-iles","status":"publish","type":"page","link":"https:\/\/www.cinedanse.ca\/en\/cinedanse-edition-2024-sept-iles\/","title":{"rendered":"Cin\u00e9danse \u00c9dition 2024 &#8211; Sept-\u00celes"},"content":{"rendered":"<div class=\"row\"  id=\"row-1900596764\">\n\n\t<div id=\"col-241652923\" class=\"col small-12 large-12\"  >\n\t\t\t\t<div class=\"col-inner\"  >\n\t\t\t\n\t\t\t\n<a href=\"https:\/\/www.cinedanse.ca\/wp-content\/uploads\/2024\/07\/Toute_la_programmation_en_un_coup_d_oeil.pdf\" target=\"_blank\" class=\"button secondary lowercase\" rel=\"noopener\" >\n\t\t<span>Voir la programmation en un clin d'oeil - PDF<\/span>\n\t<\/a>\n\n\t\t<\/div>\n\t\t\t\t\t<\/div>\n\n\t\n\n\t<div id=\"col-1527763244\" class=\"col small-12 large-12\"  >\n\t\t\t\t<div class=\"col-inner\"  >\n\t\t\t\n\t\t\t\n<a href=\"https:\/\/www.cinedanse.ca\/cinedanse-edition-2024-sept-iles\/23-juillet-2024-ouverture\/\" class=\"button secondary lowercase\" >\n\t\t<span>Mardi 23 juillet 2024 | Ouverture au Vieux-Poste<\/span>\n\t<\/a>\n\n<a href=\"https:\/\/www.cinedanse.ca\/cinedanse-edition-2024-sept-iles\/24-juillet-2024-symposium\/\" class=\"button secondary lowercase\" >\n\t\t<span>Mercredi 24 juillet 2024 | Symposium<\/span>\n\t<\/a>\n\n<a href=\"https:\/\/www.cinedanse.ca\/cinedanse-edition-2024-sept-iles\/25-juillet-2024-symposium\/\" class=\"button secondary lowercase\" >\n\t\t<span>Jeudi 25 juillet 2024 | Symposium<\/span>\n\t<\/a>\n\n<a href=\"https:\/\/www.cinedanse.ca\/cinedanse-edition-2024-sept-iles\/26-juillet-2024-cinedanse-a-la-moisie\/\" class=\"button secondary lowercase\" >\n\t\t<span>Vendredi 26 juillet 2024 | Cin\u00e9danse \u00e0 Moisie<\/span>\n\t<\/a>\n\n<a href=\"https:\/\/www.cinedanse.ca\/cinedanse-edition-2024-sept-iles\/27-juillet-2024-fermeture\/\" class=\"button secondary lowercase\" >\n\t\t<span>Samedi 27 juillet 2024 | Cin\u00e9danse \u00e0 Moisie<\/span>\n\t<\/a>\n\n<a href=\"https:\/\/www.cinedanse.ca\/sept-iles-2024-rencontres-professionnelles\/\" class=\"button secondary lowercase\" >\n\t\t<span>Rencontres professionnelles<\/span>\n\t<\/a>\n\n\t\t<\/div>\n\t\t\t\t\t<\/div>\n\n\t\n\n\t<div id=\"col-462968034\" class=\"col small-12 large-12\"  >\n\t\t\t\t<div class=\"col-inner\"  >\n\t\t\t\n\t\t\t\n\t<div class=\"img has-hover x md-x lg-x y md-y lg-y\" id=\"image_1810641427\">\n\t\t\t\t\t\t\t\t<div class=\"img-inner dark\" >\n\t\t\t<img loading=\"lazy\" decoding=\"async\" width=\"1020\" height=\"574\" src=\"https:\/\/www.cinedanse.ca\/wp-content\/uploads\/2024\/06\/affiche_16x9_guerir_les_blessures2-1024x576.jpg\" class=\"attachment-large size-large\" alt=\"Gu\u00e9rir les blessures\" srcset=\"https:\/\/www.cinedanse.ca\/wp-content\/uploads\/2024\/06\/affiche_16x9_guerir_les_blessures2-1024x576.jpg 1024w, https:\/\/www.cinedanse.ca\/wp-content\/uploads\/2024\/06\/affiche_16x9_guerir_les_blessures2-300x169.jpg 300w, https:\/\/www.cinedanse.ca\/wp-content\/uploads\/2024\/06\/affiche_16x9_guerir_les_blessures2-768x432.jpg 768w, https:\/\/www.cinedanse.ca\/wp-content\/uploads\/2024\/06\/affiche_16x9_guerir_les_blessures2-1536x864.jpg 1536w, https:\/\/www.cinedanse.ca\/wp-content\/uploads\/2024\/06\/affiche_16x9_guerir_les_blessures2.jpg 1640w\" sizes=\"auto, (max-width: 1020px) 100vw, 1020px\" \/>\t\t\t\t\t\t\n\t\t\t\t\t<\/div>\n\t\t\t\t\t\t\t\t\n<style>\n#image_1810641427 {\n  width: 100%;\n}\n<\/style>\n\t<\/div>\n\t\n\t<div id=\"gap-1355308701\" class=\"gap-element clearfix\" style=\"display:block; height:auto;\">\n\t\t\n<style>\n#gap-1355308701 {\n  padding-top: 15px;\n}\n<\/style>\n\t<\/div>\n\t\n\t\t<\/div>\n\t\t\t\t\t<\/div>\n\n\t\n\n\t<div id=\"col-1444041563\" class=\"col medium-6 small-12 large-6\"  >\n\t\t\t\t<div class=\"col-inner\"  >\n\t\t\t\n\t\t\t\n\t<div id=\"gap-17323438\" class=\"gap-element clearfix\" style=\"display:block; height:auto;\">\n\t\t\n<style>\n#gap-17323438 {\n  padding-top: 15px;\n}\n<\/style>\n\t<\/div>\n\t\n<h3 style=\"font-weight: 600; color: red;\">Programmation par activit\u00e9<\/h3>\n<ul>\n<li><a href=\"https:\/\/www.cinedanse.ca\/cinedanse-edition-2024-sept-iles\/23-juillet-2024-ouverture\/#NousSommesTousDesDanseurs\">Soir\u00e9e d\u2019ouverture<\/a><\/li>\n<li><a href=\"https:\/\/www.cinedanse.ca\/cinedanse-edition-2024-sept-iles\/24-juillet-2024-symposium\/#guerirLesBlessures\">Symposium Gu\u00e9rir les blessures &#8211; Nanatushitishutau<\/a><\/li>\n<li><strong>Cin\u00e9danse Sous les \u00e9toiles<\/strong>\n<ul>\n<li><a href=\"https:\/\/www.cinedanse.ca\/cinedanse-edition-2024-sept-iles\/24-juillet-2024-symposium\/#soireeHabiterLeMouvement\">Soir\u00e9e \u00ab Habiter le mouvement \u00bb<\/a><\/li>\n<li><a href=\"https:\/\/www.cinedanse.ca\/cinedanse-edition-2024-sept-iles\/25-juillet-2024-symposium\/#soireeAutochtone\">Soir\u00e9e Autochtone<\/a><\/li>\n<li><a href=\"https:\/\/www.cinedanse.ca\/cinedanse-edition-2024-sept-iles\/26-juillet-2024-cinedanse-a-la-moisie\/#expoProjections\">Expo-projections (26 &amp; 27 juillet )<\/a><\/li>\n<\/ul>\n<\/li>\n<li><a href=\"https:\/\/www.cinedanse.ca\/cinedanse-edition-2024-sept-iles\/ateliers-et-deambulatoires\/\">Ateliers et d\u00e9ambulatoire<\/a><\/li>\n<li><a href=\"https:\/\/www.cinedanse.ca\/cinedanse-edition-2024-sept-iles\/26-juillet-2024-cinedanse-a-la-moisie\/#soireeFemmesdaujourdhui\">Spectacle \u00ab Femmes d\u2019aujourd\u2019hui \u00bb<\/a><\/li>\n<li><a href=\"https:\/\/www.cinedanse.ca\/cinedanse-edition-2024-sept-iles\/27-juillet-2024-fermeture\/#soireeDeCloture\">Soir\u00e9e de cl\u00f4ture \u00ab Funambules du temps \u00bb<\/a><\/li>\n<\/ul>\n\t\t<\/div>\n\t\t\t\t\n<style>\n#col-1444041563 > .col-inner {\n  margin: 0px 0px 0px 0px;\n}\n<\/style>\n\t<\/div>\n\n\t\n\n\t<div id=\"col-143743590\" class=\"col medium-6 small-12 large-6\"  >\n\t\t\t\t<div class=\"col-inner\"  >\n\t\t\t\n\t\t\t\n\t<div id=\"gap-929737791\" class=\"gap-element clearfix\" style=\"display:block; height:auto;\">\n\t\t\n<style>\n#gap-929737791 {\n  padding-top: 30px;\n}\n<\/style>\n\t<\/div>\n\t\n<div class=\"video video-fit mb\" style=\"padding-top:56.25%;\"><p><iframe loading=\"lazy\" title=\"Promo Cine\u0301danse Sept-\u00celes 2024\" width=\"1020\" height=\"574\" src=\"https:\/\/www.youtube.com\/embed\/K2HbRj9y7lQ?feature=oembed\" frameborder=\"0\" allow=\"accelerometer; autoplay; clipboard-write; encrypted-media; gyroscope; picture-in-picture; web-share\" referrerpolicy=\"strict-origin-when-cross-origin\" allowfullscreen><\/iframe><\/p>\n<\/div>\n\t\t<\/div>\n\t\t\t\t\n<style>\n#col-143743590 > .col-inner {\n  padding: 0px 0px 0px 0px;\n  margin: 0px 0px 0px 0px;\n}\n<\/style>\n\t<\/div>\n\n\t\n\n\t<div id=\"col-1679067533\" class=\"col small-12 large-12\"  >\n\t\t\t\t<div class=\"col-inner\"  >\n\t\t\t\n\t\t\t\n\t<div id=\"text-1123354\" class=\"text titresEvenements\">\n\t\t\n<h2 style=\"color: #ff4250;\">5 jours de spectacles, de projections sous les \u00e9toiles, de d\u00e9ambulatoires dans le centre-ville, d\u2019expo \u00e0 Moisi et bien plus\u2009!<\/h2>\n\t\t\t<\/div>\n\t\n<h3 style=\"font-weight: 600;\">Tout partout et ensemble, nous renouerons avec le rituel de la danse\u00a0:<\/h3>\n<p>\u00e0 la Chapelle du Vieux-Poste, au Mus\u00e9e Shaputuan, en plein jour ou sous les \u00e9toiles, \u00e0 la Tente Jaune du Vieux-Quai et \u00e0 Moisie. Parce que notre monde a bien besoin de danser\u2009!<\/p>\n<p><strong>Cin\u00e9danse<\/strong> souhaite interpeller le public de la C\u00f4te-Nord par sa volont\u00e9 de cr\u00e9er des liens entre les communaut\u00e9s. La danse permet de cr\u00e9er une exp\u00e9rience humaine, authentique et lib\u00e9ratrice.<\/p>\n<p>Gr\u00e2ce \u00e0 la complicit\u00e9 de notre partenaire principale <strong>Johanne Roussy<\/strong> de la 8<sup>e<\/sup> \u00cele avec la <strong>po\u00e9tesse Jos\u00e9phine Bacon<\/strong>, la th\u00e9matique de notre \u00e9v\u00e9nement <strong>\u00ab\u2009Gu\u00e9rir les blessures\u2009\u00bb<\/strong> a \u00e9t\u00e9 bonifi\u00e9e d\u2019une traduction en Innu-aimun : <strong>Nanatushitishutau<\/strong>, ce qui va dans le sens de se gu\u00e9rir, de se soigner, mais le mot veut dire <strong>\u00ab\u2009gu\u00e9rissons-nous\u2009\u00bb<\/strong> ou <strong>\u00ab\u2009soignons-nous\u2009\u00bb<\/strong>.<\/p>\n\t\t<\/div>\n\t\t\t\t\t<\/div>\n\n\t\n<\/div>\n","protected":false},"excerpt":{"rendered":"","protected":false},"author":1,"featured_media":18048,"parent":0,"menu_order":201,"comment_status":"closed","ping_status":"closed","template":"","meta":{"_acf_changed":false,"footnotes":""},"class_list":["post-18157","page","type-page","status-publish","has-post-thumbnail","hentry"],"acf":[],"yoast_head":"<!-- This site is optimized with the Yoast SEO plugin v27.5 - https:\/\/yoast.com\/product\/yoast-seo-wordpress\/ -->\n<title>Cin\u00e9danse \u00c9dition 2024 - Sept-\u00celes<\/title>\n<meta name=\"description\" content=\"Cin\u00e9danse \u00c9dition 2024 - Sept-\u00celes. 5 jours de spectacles, de projections sous les \u00e9toiles, de d\u00e9ambulatoires dans le centre-ville, d\u2019expo \u00e0\" \/>\n<meta name=\"robots\" content=\"index, nofollow, max-snippet:-1, max-image-preview:large, max-video-preview:-1\" \/>\n<link rel=\"canonical\" href=\"https:\/\/www.cinedanse.ca\/en\/cinedanse-edition-2024-sept-iles\/\" \/>\n<meta property=\"og:locale\" content=\"en_US\" \/>\n<meta property=\"og:type\" content=\"article\" \/>\n<meta property=\"og:title\" content=\"Cin\u00e9danse \u00c9dition 2024 - Sept-\u00celes\" \/>\n<meta property=\"og:description\" content=\"Cin\u00e9danse \u00c9dition 2024 - Sept-\u00celes. 5 jours de spectacles, de projections sous les \u00e9toiles, de d\u00e9ambulatoires dans le centre-ville, d\u2019expo \u00e0\" \/>\n<meta property=\"og:url\" content=\"https:\/\/www.cinedanse.ca\/en\/cinedanse-edition-2024-sept-iles\/\" \/>\n<meta property=\"og:site_name\" content=\"Cin\u00e9danse\" \/>\n<meta property=\"article:publisher\" content=\"https:\/\/www.facebook.com\/cinedanse.ca\/\" \/>\n<meta property=\"article:modified_time\" content=\"2025-06-10T17:13:38+00:00\" \/>\n<meta property=\"og:image\" content=\"https:\/\/www.cinedanse.ca\/wp-content\/uploads\/2024\/06\/affiche_16x9_guerir_les_blessures2.jpg\" \/>\n\t<meta property=\"og:image:width\" content=\"1640\" \/>\n\t<meta property=\"og:image:height\" content=\"923\" \/>\n\t<meta property=\"og:image:type\" content=\"image\/jpeg\" \/>\n<meta name=\"twitter:card\" content=\"summary_large_image\" \/>\n<meta name=\"twitter:title\" content=\"Cin\u00e9danse \u00c9dition 2024 - Sept-\u00celes\" \/>\n<meta name=\"twitter:description\" content=\"Cin\u00e9danse \u00c9dition 2024 - Sept-\u00celes. 5 jours de spectacles, de projections sous les \u00e9toiles, de d\u00e9ambulatoires dans le centre-ville, d\u2019expo \u00e0\" \/>\n<meta name=\"twitter:image\" content=\"https:\/\/www.cinedanse.ca\/wp-content\/uploads\/2024\/06\/affiche_16x9_guerir_les_blessures2.jpg\" \/>\n<meta name=\"twitter:label1\" content=\"Est. reading time\" \/>\n\t<meta name=\"twitter:data1\" content=\"2 minutes\" \/>\n<script type=\"application\/ld+json\" class=\"yoast-schema-graph\">{\"@context\":\"https:\\\/\\\/schema.org\",\"@graph\":[{\"@type\":\"Article\",\"@id\":\"https:\\\/\\\/www.cinedanse.ca\\\/en\\\/cinedanse-edition-2024-sept-iles\\\/#article\",\"isPartOf\":{\"@id\":\"https:\\\/\\\/www.cinedanse.ca\\\/en\\\/cinedanse-edition-2024-sept-iles\\\/\"},\"author\":{\"name\":\"La caravane\",\"@id\":\"http:\\\/\\\/www.cinedanse.ca\\\/en\\\/#\\\/schema\\\/person\\\/79b8f2019e07bb50aca5282b0d205f82\"},\"headline\":\"Cin\u00e9danse \u00c9dition 2024 &#8211; Sept-\u00celes\",\"datePublished\":\"2024-07-02T13:43:36+00:00\",\"dateModified\":\"2025-06-10T17:13:38+00:00\",\"mainEntityOfPage\":{\"@id\":\"https:\\\/\\\/www.cinedanse.ca\\\/en\\\/cinedanse-edition-2024-sept-iles\\\/\"},\"wordCount\":437,\"image\":{\"@id\":\"https:\\\/\\\/www.cinedanse.ca\\\/en\\\/cinedanse-edition-2024-sept-iles\\\/#primaryimage\"},\"thumbnailUrl\":\"https:\\\/\\\/www.cinedanse.ca\\\/wp-content\\\/uploads\\\/2024\\\/06\\\/affiche_16x9_guerir_les_blessures2.jpg\",\"inLanguage\":\"en-US\"},{\"@type\":\"WebPage\",\"@id\":\"https:\\\/\\\/www.cinedanse.ca\\\/en\\\/cinedanse-edition-2024-sept-iles\\\/\",\"url\":\"https:\\\/\\\/www.cinedanse.ca\\\/en\\\/cinedanse-edition-2024-sept-iles\\\/\",\"name\":\"Cin\u00e9danse \u00c9dition 2024 - Sept-\u00celes\",\"isPartOf\":{\"@id\":\"http:\\\/\\\/www.cinedanse.ca\\\/en\\\/#website\"},\"primaryImageOfPage\":{\"@id\":\"https:\\\/\\\/www.cinedanse.ca\\\/en\\\/cinedanse-edition-2024-sept-iles\\\/#primaryimage\"},\"image\":{\"@id\":\"https:\\\/\\\/www.cinedanse.ca\\\/en\\\/cinedanse-edition-2024-sept-iles\\\/#primaryimage\"},\"thumbnailUrl\":\"https:\\\/\\\/www.cinedanse.ca\\\/wp-content\\\/uploads\\\/2024\\\/06\\\/affiche_16x9_guerir_les_blessures2.jpg\",\"datePublished\":\"2024-07-02T13:43:36+00:00\",\"dateModified\":\"2025-06-10T17:13:38+00:00\",\"description\":\"Cin\u00e9danse \u00c9dition 2024 - Sept-\u00celes. 5 jours de spectacles, de projections sous les \u00e9toiles, de d\u00e9ambulatoires dans le centre-ville, d\u2019expo \u00e0\",\"breadcrumb\":{\"@id\":\"https:\\\/\\\/www.cinedanse.ca\\\/en\\\/cinedanse-edition-2024-sept-iles\\\/#breadcrumb\"},\"inLanguage\":\"en-US\",\"potentialAction\":[{\"@type\":\"ReadAction\",\"target\":[\"https:\\\/\\\/www.cinedanse.ca\\\/en\\\/cinedanse-edition-2024-sept-iles\\\/\"]}]},{\"@type\":\"ImageObject\",\"inLanguage\":\"en-US\",\"@id\":\"https:\\\/\\\/www.cinedanse.ca\\\/en\\\/cinedanse-edition-2024-sept-iles\\\/#primaryimage\",\"url\":\"https:\\\/\\\/www.cinedanse.ca\\\/wp-content\\\/uploads\\\/2024\\\/06\\\/affiche_16x9_guerir_les_blessures2.jpg\",\"contentUrl\":\"https:\\\/\\\/www.cinedanse.ca\\\/wp-content\\\/uploads\\\/2024\\\/06\\\/affiche_16x9_guerir_les_blessures2.jpg\",\"width\":1640,\"height\":923,\"caption\":\"Gu\u00e9rir les blessures\"},{\"@type\":\"BreadcrumbList\",\"@id\":\"https:\\\/\\\/www.cinedanse.ca\\\/en\\\/cinedanse-edition-2024-sept-iles\\\/#breadcrumb\",\"itemListElement\":[{\"@type\":\"ListItem\",\"position\":1,\"name\":\"Accueil\",\"item\":\"http:\\\/\\\/www.cinedanse.ca\\\/en\\\/\"},{\"@type\":\"ListItem\",\"position\":2,\"name\":\"Cin\u00e9danse \u00c9dition 2024 &#8211; Sept-\u00celes\"}]},{\"@type\":\"WebSite\",\"@id\":\"http:\\\/\\\/www.cinedanse.ca\\\/en\\\/#website\",\"url\":\"http:\\\/\\\/www.cinedanse.ca\\\/en\\\/\",\"name\":\"Cin\u00e9danse\",\"description\":\"Because our world truly needs to dance!\",\"alternateName\":\"Cin\u00e9danse\",\"potentialAction\":[{\"@type\":\"SearchAction\",\"target\":{\"@type\":\"EntryPoint\",\"urlTemplate\":\"http:\\\/\\\/www.cinedanse.ca\\\/en\\\/?s={search_term_string}\"},\"query-input\":{\"@type\":\"PropertyValueSpecification\",\"valueRequired\":true,\"valueName\":\"search_term_string\"}}],\"inLanguage\":\"en-US\"},{\"@type\":\"Person\",\"@id\":\"http:\\\/\\\/www.cinedanse.ca\\\/en\\\/#\\\/schema\\\/person\\\/79b8f2019e07bb50aca5282b0d205f82\",\"name\":\"La caravane\",\"image\":{\"@type\":\"ImageObject\",\"inLanguage\":\"en-US\",\"@id\":\"https:\\\/\\\/secure.gravatar.com\\\/avatar\\\/db01b9248bc010eb09c34490e55d55b0ee23172ba8caad40e7e4316bac28c164?s=96&d=mm&r=g\",\"url\":\"https:\\\/\\\/secure.gravatar.com\\\/avatar\\\/db01b9248bc010eb09c34490e55d55b0ee23172ba8caad40e7e4316bac28c164?s=96&d=mm&r=g\",\"contentUrl\":\"https:\\\/\\\/secure.gravatar.com\\\/avatar\\\/db01b9248bc010eb09c34490e55d55b0ee23172ba8caad40e7e4316bac28c164?s=96&d=mm&r=g\",\"caption\":\"La caravane\"}}]}<\/script>\n<!-- \/ Yoast SEO plugin. -->","yoast_head_json":{"title":"Cin\u00e9danse \u00c9dition 2024 - Sept-\u00celes","description":"Cin\u00e9danse \u00c9dition 2024 - Sept-\u00celes. 5 jours de spectacles, de projections sous les \u00e9toiles, de d\u00e9ambulatoires dans le centre-ville, d\u2019expo \u00e0","robots":{"index":"index","follow":"nofollow","max-snippet":"max-snippet:-1","max-image-preview":"max-image-preview:large","max-video-preview":"max-video-preview:-1"},"canonical":"https:\/\/www.cinedanse.ca\/en\/cinedanse-edition-2024-sept-iles\/","og_locale":"en_US","og_type":"article","og_title":"Cin\u00e9danse \u00c9dition 2024 - Sept-\u00celes","og_description":"Cin\u00e9danse \u00c9dition 2024 - Sept-\u00celes. 5 jours de spectacles, de projections sous les \u00e9toiles, de d\u00e9ambulatoires dans le centre-ville, d\u2019expo \u00e0","og_url":"https:\/\/www.cinedanse.ca\/en\/cinedanse-edition-2024-sept-iles\/","og_site_name":"Cin\u00e9danse","article_publisher":"https:\/\/www.facebook.com\/cinedanse.ca\/","article_modified_time":"2025-06-10T17:13:38+00:00","og_image":[{"width":1640,"height":923,"url":"https:\/\/www.cinedanse.ca\/wp-content\/uploads\/2024\/06\/affiche_16x9_guerir_les_blessures2.jpg","type":"image\/jpeg"}],"twitter_card":"summary_large_image","twitter_title":"Cin\u00e9danse \u00c9dition 2024 - Sept-\u00celes","twitter_description":"Cin\u00e9danse \u00c9dition 2024 - Sept-\u00celes. 5 jours de spectacles, de projections sous les \u00e9toiles, de d\u00e9ambulatoires dans le centre-ville, d\u2019expo \u00e0","twitter_image":"https:\/\/www.cinedanse.ca\/wp-content\/uploads\/2024\/06\/affiche_16x9_guerir_les_blessures2.jpg","twitter_misc":{"Est. reading time":"2 minutes"},"schema":{"@context":"https:\/\/schema.org","@graph":[{"@type":"Article","@id":"https:\/\/www.cinedanse.ca\/en\/cinedanse-edition-2024-sept-iles\/#article","isPartOf":{"@id":"https:\/\/www.cinedanse.ca\/en\/cinedanse-edition-2024-sept-iles\/"},"author":{"name":"La caravane","@id":"http:\/\/www.cinedanse.ca\/en\/#\/schema\/person\/79b8f2019e07bb50aca5282b0d205f82"},"headline":"Cin\u00e9danse \u00c9dition 2024 &#8211; Sept-\u00celes","datePublished":"2024-07-02T13:43:36+00:00","dateModified":"2025-06-10T17:13:38+00:00","mainEntityOfPage":{"@id":"https:\/\/www.cinedanse.ca\/en\/cinedanse-edition-2024-sept-iles\/"},"wordCount":437,"image":{"@id":"https:\/\/www.cinedanse.ca\/en\/cinedanse-edition-2024-sept-iles\/#primaryimage"},"thumbnailUrl":"https:\/\/www.cinedanse.ca\/wp-content\/uploads\/2024\/06\/affiche_16x9_guerir_les_blessures2.jpg","inLanguage":"en-US"},{"@type":"WebPage","@id":"https:\/\/www.cinedanse.ca\/en\/cinedanse-edition-2024-sept-iles\/","url":"https:\/\/www.cinedanse.ca\/en\/cinedanse-edition-2024-sept-iles\/","name":"Cin\u00e9danse \u00c9dition 2024 - Sept-\u00celes","isPartOf":{"@id":"http:\/\/www.cinedanse.ca\/en\/#website"},"primaryImageOfPage":{"@id":"https:\/\/www.cinedanse.ca\/en\/cinedanse-edition-2024-sept-iles\/#primaryimage"},"image":{"@id":"https:\/\/www.cinedanse.ca\/en\/cinedanse-edition-2024-sept-iles\/#primaryimage"},"thumbnailUrl":"https:\/\/www.cinedanse.ca\/wp-content\/uploads\/2024\/06\/affiche_16x9_guerir_les_blessures2.jpg","datePublished":"2024-07-02T13:43:36+00:00","dateModified":"2025-06-10T17:13:38+00:00","description":"Cin\u00e9danse \u00c9dition 2024 - Sept-\u00celes. 5 jours de spectacles, de projections sous les \u00e9toiles, de d\u00e9ambulatoires dans le centre-ville, d\u2019expo \u00e0","breadcrumb":{"@id":"https:\/\/www.cinedanse.ca\/en\/cinedanse-edition-2024-sept-iles\/#breadcrumb"},"inLanguage":"en-US","potentialAction":[{"@type":"ReadAction","target":["https:\/\/www.cinedanse.ca\/en\/cinedanse-edition-2024-sept-iles\/"]}]},{"@type":"ImageObject","inLanguage":"en-US","@id":"https:\/\/www.cinedanse.ca\/en\/cinedanse-edition-2024-sept-iles\/#primaryimage","url":"https:\/\/www.cinedanse.ca\/wp-content\/uploads\/2024\/06\/affiche_16x9_guerir_les_blessures2.jpg","contentUrl":"https:\/\/www.cinedanse.ca\/wp-content\/uploads\/2024\/06\/affiche_16x9_guerir_les_blessures2.jpg","width":1640,"height":923,"caption":"Gu\u00e9rir les blessures"},{"@type":"BreadcrumbList","@id":"https:\/\/www.cinedanse.ca\/en\/cinedanse-edition-2024-sept-iles\/#breadcrumb","itemListElement":[{"@type":"ListItem","position":1,"name":"Accueil","item":"http:\/\/www.cinedanse.ca\/en\/"},{"@type":"ListItem","position":2,"name":"Cin\u00e9danse \u00c9dition 2024 &#8211; Sept-\u00celes"}]},{"@type":"WebSite","@id":"http:\/\/www.cinedanse.ca\/en\/#website","url":"http:\/\/www.cinedanse.ca\/en\/","name":"Cin\u00e9danse","description":"Because our world truly needs to dance!","alternateName":"Cin\u00e9danse","potentialAction":[{"@type":"SearchAction","target":{"@type":"EntryPoint","urlTemplate":"http:\/\/www.cinedanse.ca\/en\/?s={search_term_string}"},"query-input":{"@type":"PropertyValueSpecification","valueRequired":true,"valueName":"search_term_string"}}],"inLanguage":"en-US"},{"@type":"Person","@id":"http:\/\/www.cinedanse.ca\/en\/#\/schema\/person\/79b8f2019e07bb50aca5282b0d205f82","name":"La caravane","image":{"@type":"ImageObject","inLanguage":"en-US","@id":"https:\/\/secure.gravatar.com\/avatar\/db01b9248bc010eb09c34490e55d55b0ee23172ba8caad40e7e4316bac28c164?s=96&d=mm&r=g","url":"https:\/\/secure.gravatar.com\/avatar\/db01b9248bc010eb09c34490e55d55b0ee23172ba8caad40e7e4316bac28c164?s=96&d=mm&r=g","contentUrl":"https:\/\/secure.gravatar.com\/avatar\/db01b9248bc010eb09c34490e55d55b0ee23172ba8caad40e7e4316bac28c164?s=96&d=mm&r=g","caption":"La caravane"}}]}},"_links":{"self":[{"href":"https:\/\/www.cinedanse.ca\/en\/wp-json\/wp\/v2\/pages\/18157","targetHints":{"allow":["GET"]}}],"collection":[{"href":"https:\/\/www.cinedanse.ca\/en\/wp-json\/wp\/v2\/pages"}],"about":[{"href":"https:\/\/www.cinedanse.ca\/en\/wp-json\/wp\/v2\/types\/page"}],"author":[{"embeddable":true,"href":"https:\/\/www.cinedanse.ca\/en\/wp-json\/wp\/v2\/users\/1"}],"replies":[{"embeddable":true,"href":"https:\/\/www.cinedanse.ca\/en\/wp-json\/wp\/v2\/comments?post=18157"}],"version-history":[{"count":0,"href":"https:\/\/www.cinedanse.ca\/en\/wp-json\/wp\/v2\/pages\/18157\/revisions"}],"wp:featuredmedia":[{"embeddable":true,"href":"https:\/\/www.cinedanse.ca\/en\/wp-json\/wp\/v2\/media\/18048"}],"wp:attachment":[{"href":"https:\/\/www.cinedanse.ca\/en\/wp-json\/wp\/v2\/media?parent=18157"}],"curies":[{"name":"wp","href":"https:\/\/api.w.org\/{rel}","templated":true}]}}