{"id":147,"date":"2014-07-07T20:41:32","date_gmt":"2014-07-08T00:41:32","guid":{"rendered":"http:\/\/7a2g9abnpa.preview.infomaniak.website\/?page_id=147"},"modified":"2023-05-24T11:34:57","modified_gmt":"2023-05-24T15:34:57","slug":"entry","status":"publish","type":"page","link":"https:\/\/www.cinedanse.ca\/en\/entry\/","title":{"rendered":"Call for Entry"},"content":{"rendered":"<div id='gallery-1' class='gallery galleryid-147 gallery-columns-3 gallery-size-thumbnail'><figure class='gallery-item'>\n\t\t\t<div class='gallery-icon landscape'>\n\t\t\t\t<a href='https:\/\/www.cinedanse.ca\/en\/still-9\/'><img loading=\"lazy\" decoding=\"async\" width=\"150\" height=\"150\" src=\"https:\/\/www.cinedanse.ca\/wp-content\/uploads\/2014\/10\/still-9-150x150.jpg\" class=\"attachment-thumbnail size-thumbnail\" alt=\"\" aria-describedby=\"gallery-1-514\" srcset=\"https:\/\/www.cinedanse.ca\/wp-content\/uploads\/2014\/10\/still-9-150x150.jpg 150w, https:\/\/www.cinedanse.ca\/wp-content\/uploads\/2014\/10\/still-9-184x184.jpg 184w, https:\/\/www.cinedanse.ca\/wp-content\/uploads\/2014\/10\/still-9-44x44.jpg 44w\" sizes=\"auto, (max-width: 150px) 100vw, 150px\" \/><\/a>\n\t\t\t<\/div>\n\t\t\t\t<figcaption class='wp-caption-text gallery-caption' id='gallery-1-514'>\n\t\t\t\tCo(te)lette (2010), un film de Mike Figgis sur une chor\u00e9graphie d&#8217;Ann van Den Boroek &#8212; film d&#8217;ouverture de la premi\u00e8re \u00e9dition de Cin\u00e9danse\n\t\t\t\t<\/figcaption><\/figure><figure class='gallery-item'>\n\t\t\t<div class='gallery-icon landscape'>\n\t\t\t\t<a href='https:\/\/www.cinedanse.ca\/en\/amelia-1\/'><img loading=\"lazy\" decoding=\"async\" width=\"150\" height=\"150\" src=\"https:\/\/www.cinedanse.ca\/wp-content\/uploads\/2014\/10\/AMELIA-1-150x150.jpg\" class=\"attachment-thumbnail size-thumbnail\" alt=\"\" srcset=\"https:\/\/www.cinedanse.ca\/wp-content\/uploads\/2014\/10\/AMELIA-1-150x150.jpg 150w, https:\/\/www.cinedanse.ca\/wp-content\/uploads\/2014\/10\/AMELIA-1-184x184.jpg 184w, https:\/\/www.cinedanse.ca\/wp-content\/uploads\/2014\/10\/AMELIA-1-44x44.jpg 44w\" sizes=\"auto, (max-width: 150px) 100vw, 150px\" \/><\/a>\n\t\t\t<\/div><\/figure><figure class='gallery-item'>\n\t\t\t<div class='gallery-icon landscape'>\n\t\t\t\t<a href='https:\/\/www.cinedanse.ca\/en\/isabel-rocamora\/fanny13\/#main'><img loading=\"lazy\" decoding=\"async\" width=\"150\" height=\"150\" src=\"https:\/\/www.cinedanse.ca\/wp-content\/uploads\/2014\/07\/Fanny13-150x150.jpg\" class=\"attachment-thumbnail size-thumbnail\" alt=\"\" aria-describedby=\"gallery-1-315\" srcset=\"https:\/\/www.cinedanse.ca\/wp-content\/uploads\/2014\/07\/Fanny13-150x150.jpg 150w, https:\/\/www.cinedanse.ca\/wp-content\/uploads\/2014\/07\/Fanny13-184x184.jpg 184w, https:\/\/www.cinedanse.ca\/wp-content\/uploads\/2014\/07\/Fanny13-44x44.jpg 44w\" sizes=\"auto, (max-width: 150px) 100vw, 150px\" \/><\/a>\n\t\t\t<\/div>\n\t\t\t\t<figcaption class='wp-caption-text gallery-caption' id='gallery-1-315'>\n\t\t\t\tHorizon of Exile, film d&#8217;isabel Rocamora (2007)\n\t\t\t\t<\/figcaption><\/figure>\n\t\t<\/div>\n\n<p>We invite you, dear artists and artisans, to submit your films before April 1st, 2015. The program of the festival is being selected, but we are still looking for hidden masterpieces\u2026<\/p>\n<p>The 2nd \u00e9edition has been postponed due to an major fire at the Mus\u00e9e de la civlisation last September 15. Cin\u00e9danse Qu\u00e9bec 2015 will be held from September 24-27, 2015.<\/p>\n<p>The aim of the festival will put in light five main topics:<\/p>\n<p>1) Perceptions about Women: Today;<br \/>\n2) Perceptions about Couples: the Two of Us;<br \/>\n3) Perceptions about Intimacy: from Dreams to Religions;<br \/>\n4) Perceptions about Community Spirit: Us, Them, the Other;<br \/>\n5) Perceptions on Ages: \u201cthe Old Days\u201d<\/p>\n<p>Submit your film\/work to\u00a0 <a href=\"mailto:info@7a2g9abnpa.preview.infomaniak.website\">info@7a2g9abnpa.preview.infomaniak.website<\/a><\/p>\n<p>Please mention the type of film (short, full length, documentary, recreation, fiction\u2026), credentials, length, the country of origin, the year of production and the available formats.<\/p>\n","protected":false},"excerpt":{"rendered":"<p>We invite you, dear artists and artisans, to submit your films before April 1st, 2015. The program of the festival is being selected, but we are still looking for hidden masterpieces\u2026 The 2nd \u00e9edition has been postponed due to an major fire at the Mus\u00e9e de la civlisation last September 15. Cin\u00e9danse Qu\u00e9bec 2015 will [&#8230;]\n","protected":false},"author":1,"featured_media":0,"parent":0,"menu_order":300,"comment_status":"closed","ping_status":"closed","template":"","meta":{"_acf_changed":false,"footnotes":""},"class_list":["post-147","page","type-page","status-publish","hentry"],"acf":[],"yoast_head":"<!-- This site is optimized with the Yoast SEO plugin v27.2 - https:\/\/yoast.com\/product\/yoast-seo-wordpress\/ -->\n<title>Call for Entry | Cin\u00e9danse<\/title>\n<meta name=\"robots\" content=\"index, follow, max-snippet:-1, max-image-preview:large, max-video-preview:-1\" \/>\n<link rel=\"canonical\" href=\"https:\/\/www.cinedanse.ca\/en\/entry\/\" \/>\n<meta property=\"og:locale\" content=\"en_US\" \/>\n<meta property=\"og:type\" content=\"article\" \/>\n<meta property=\"og:title\" content=\"Call for Entry | Cin\u00e9danse\" \/>\n<meta property=\"og:description\" content=\"We invite you, dear artists and artisans, to submit your films before April 1st, 2015. The program of the festival is being selected, but we are still looking for hidden masterpieces\u2026 The 2nd \u00e9edition has been postponed due to an major fire at the Mus\u00e9e de la civlisation last September 15. Cin\u00e9danse Qu\u00e9bec 2015 will [...]\" \/>\n<meta property=\"og:url\" content=\"https:\/\/www.cinedanse.ca\/en\/entry\/\" \/>\n<meta property=\"og:site_name\" content=\"Cin\u00e9danse\" \/>\n<meta property=\"article:publisher\" content=\"https:\/\/www.facebook.com\/cinedanse.ca\/\" \/>\n<meta property=\"article:modified_time\" content=\"2023-05-24T15:34:57+00:00\" \/>\n<meta property=\"og:image\" content=\"https:\/\/www.cinedanse.ca\/wp-content\/uploads\/2014\/10\/still-9-150x150.jpg\" \/>\n<meta name=\"twitter:card\" content=\"summary_large_image\" \/>\n<meta name=\"twitter:label1\" content=\"Est. reading time\" \/>\n\t<meta name=\"twitter:data1\" content=\"1 minute\" \/>\n<script type=\"application\/ld+json\" class=\"yoast-schema-graph\">{\"@context\":\"https:\/\/schema.org\",\"@graph\":[{\"@type\":\"Article\",\"@id\":\"https:\/\/www.cinedanse.ca\/en\/entry\/#article\",\"isPartOf\":{\"@id\":\"https:\/\/www.cinedanse.ca\/en\/entry\/\"},\"author\":{\"name\":\"La caravane\",\"@id\":\"https:\/\/www.cinedanse.ca\/en\/#\/schema\/person\/79b8f2019e07bb50aca5282b0d205f82\"},\"headline\":\"Call for Entry\",\"datePublished\":\"2014-07-08T00:41:32+00:00\",\"dateModified\":\"2023-05-24T15:34:57+00:00\",\"mainEntityOfPage\":{\"@id\":\"https:\/\/www.cinedanse.ca\/en\/entry\/\"},\"wordCount\":149,\"inLanguage\":\"en-US\"},{\"@type\":\"WebPage\",\"@id\":\"https:\/\/www.cinedanse.ca\/en\/entry\/\",\"url\":\"https:\/\/www.cinedanse.ca\/en\/entry\/\",\"name\":\"Call for Entry | Cin\u00e9danse\",\"isPartOf\":{\"@id\":\"https:\/\/www.cinedanse.ca\/en\/#website\"},\"datePublished\":\"2014-07-08T00:41:32+00:00\",\"dateModified\":\"2023-05-24T15:34:57+00:00\",\"breadcrumb\":{\"@id\":\"https:\/\/www.cinedanse.ca\/en\/entry\/#breadcrumb\"},\"inLanguage\":\"en-US\",\"potentialAction\":[{\"@type\":\"ReadAction\",\"target\":[\"https:\/\/www.cinedanse.ca\/en\/entry\/\"]}]},{\"@type\":\"BreadcrumbList\",\"@id\":\"https:\/\/www.cinedanse.ca\/en\/entry\/#breadcrumb\",\"itemListElement\":[{\"@type\":\"ListItem\",\"position\":1,\"name\":\"Accueil\",\"item\":\"http:\/\/www.cinedanse.ca\/en\/\"},{\"@type\":\"ListItem\",\"position\":2,\"name\":\"Call for Entry\"}]},{\"@type\":\"WebSite\",\"@id\":\"https:\/\/www.cinedanse.ca\/en\/#website\",\"url\":\"https:\/\/www.cinedanse.ca\/en\/\",\"name\":\"Cin\u00e9danse\",\"description\":\"Because our world truly needs to dance!\",\"alternateName\":\"Cin\u00e9danse\",\"potentialAction\":[{\"@type\":\"SearchAction\",\"target\":{\"@type\":\"EntryPoint\",\"urlTemplate\":\"https:\/\/www.cinedanse.ca\/en\/?s={search_term_string}\"},\"query-input\":{\"@type\":\"PropertyValueSpecification\",\"valueRequired\":true,\"valueName\":\"search_term_string\"}}],\"inLanguage\":\"en-US\"},{\"@type\":\"Person\",\"@id\":\"https:\/\/www.cinedanse.ca\/en\/#\/schema\/person\/79b8f2019e07bb50aca5282b0d205f82\",\"name\":\"La caravane\",\"image\":{\"@type\":\"ImageObject\",\"inLanguage\":\"en-US\",\"@id\":\"https:\/\/secure.gravatar.com\/avatar\/db01b9248bc010eb09c34490e55d55b0ee23172ba8caad40e7e4316bac28c164?s=96&d=mm&r=g\",\"url\":\"https:\/\/secure.gravatar.com\/avatar\/db01b9248bc010eb09c34490e55d55b0ee23172ba8caad40e7e4316bac28c164?s=96&d=mm&r=g\",\"contentUrl\":\"https:\/\/secure.gravatar.com\/avatar\/db01b9248bc010eb09c34490e55d55b0ee23172ba8caad40e7e4316bac28c164?s=96&d=mm&r=g\",\"caption\":\"La caravane\"}}]}<\/script>\n<!-- \/ Yoast SEO plugin. -->","yoast_head_json":{"title":"Call for Entry | Cin\u00e9danse","robots":{"index":"index","follow":"follow","max-snippet":"max-snippet:-1","max-image-preview":"max-image-preview:large","max-video-preview":"max-video-preview:-1"},"canonical":"https:\/\/www.cinedanse.ca\/en\/entry\/","og_locale":"en_US","og_type":"article","og_title":"Call for Entry | Cin\u00e9danse","og_description":"We invite you, dear artists and artisans, to submit your films before April 1st, 2015. The program of the festival is being selected, but we are still looking for hidden masterpieces\u2026 The 2nd \u00e9edition has been postponed due to an major fire at the Mus\u00e9e de la civlisation last September 15. Cin\u00e9danse Qu\u00e9bec 2015 will [...]","og_url":"https:\/\/www.cinedanse.ca\/en\/entry\/","og_site_name":"Cin\u00e9danse","article_publisher":"https:\/\/www.facebook.com\/cinedanse.ca\/","article_modified_time":"2023-05-24T15:34:57+00:00","og_image":[{"url":"https:\/\/www.cinedanse.ca\/wp-content\/uploads\/2014\/10\/still-9-150x150.jpg","type":"","width":"","height":""}],"twitter_card":"summary_large_image","twitter_misc":{"Est. reading time":"1 minute"},"schema":{"@context":"https:\/\/schema.org","@graph":[{"@type":"Article","@id":"https:\/\/www.cinedanse.ca\/en\/entry\/#article","isPartOf":{"@id":"https:\/\/www.cinedanse.ca\/en\/entry\/"},"author":{"name":"La caravane","@id":"https:\/\/www.cinedanse.ca\/en\/#\/schema\/person\/79b8f2019e07bb50aca5282b0d205f82"},"headline":"Call for Entry","datePublished":"2014-07-08T00:41:32+00:00","dateModified":"2023-05-24T15:34:57+00:00","mainEntityOfPage":{"@id":"https:\/\/www.cinedanse.ca\/en\/entry\/"},"wordCount":149,"inLanguage":"en-US"},{"@type":"WebPage","@id":"https:\/\/www.cinedanse.ca\/en\/entry\/","url":"https:\/\/www.cinedanse.ca\/en\/entry\/","name":"Call for Entry | Cin\u00e9danse","isPartOf":{"@id":"https:\/\/www.cinedanse.ca\/en\/#website"},"datePublished":"2014-07-08T00:41:32+00:00","dateModified":"2023-05-24T15:34:57+00:00","breadcrumb":{"@id":"https:\/\/www.cinedanse.ca\/en\/entry\/#breadcrumb"},"inLanguage":"en-US","potentialAction":[{"@type":"ReadAction","target":["https:\/\/www.cinedanse.ca\/en\/entry\/"]}]},{"@type":"BreadcrumbList","@id":"https:\/\/www.cinedanse.ca\/en\/entry\/#breadcrumb","itemListElement":[{"@type":"ListItem","position":1,"name":"Accueil","item":"http:\/\/www.cinedanse.ca\/en\/"},{"@type":"ListItem","position":2,"name":"Call for Entry"}]},{"@type":"WebSite","@id":"https:\/\/www.cinedanse.ca\/en\/#website","url":"https:\/\/www.cinedanse.ca\/en\/","name":"Cin\u00e9danse","description":"Because our world truly needs to dance!","alternateName":"Cin\u00e9danse","potentialAction":[{"@type":"SearchAction","target":{"@type":"EntryPoint","urlTemplate":"https:\/\/www.cinedanse.ca\/en\/?s={search_term_string}"},"query-input":{"@type":"PropertyValueSpecification","valueRequired":true,"valueName":"search_term_string"}}],"inLanguage":"en-US"},{"@type":"Person","@id":"https:\/\/www.cinedanse.ca\/en\/#\/schema\/person\/79b8f2019e07bb50aca5282b0d205f82","name":"La caravane","image":{"@type":"ImageObject","inLanguage":"en-US","@id":"https:\/\/secure.gravatar.com\/avatar\/db01b9248bc010eb09c34490e55d55b0ee23172ba8caad40e7e4316bac28c164?s=96&d=mm&r=g","url":"https:\/\/secure.gravatar.com\/avatar\/db01b9248bc010eb09c34490e55d55b0ee23172ba8caad40e7e4316bac28c164?s=96&d=mm&r=g","contentUrl":"https:\/\/secure.gravatar.com\/avatar\/db01b9248bc010eb09c34490e55d55b0ee23172ba8caad40e7e4316bac28c164?s=96&d=mm&r=g","caption":"La caravane"}}]}},"_links":{"self":[{"href":"https:\/\/www.cinedanse.ca\/en\/wp-json\/wp\/v2\/pages\/147","targetHints":{"allow":["GET"]}}],"collection":[{"href":"https:\/\/www.cinedanse.ca\/en\/wp-json\/wp\/v2\/pages"}],"about":[{"href":"https:\/\/www.cinedanse.ca\/en\/wp-json\/wp\/v2\/types\/page"}],"author":[{"embeddable":true,"href":"https:\/\/www.cinedanse.ca\/en\/wp-json\/wp\/v2\/users\/1"}],"replies":[{"embeddable":true,"href":"https:\/\/www.cinedanse.ca\/en\/wp-json\/wp\/v2\/comments?post=147"}],"version-history":[{"count":0,"href":"https:\/\/www.cinedanse.ca\/en\/wp-json\/wp\/v2\/pages\/147\/revisions"}],"wp:attachment":[{"href":"https:\/\/www.cinedanse.ca\/en\/wp-json\/wp\/v2\/media?parent=147"}],"curies":[{"name":"wp","href":"https:\/\/api.w.org\/{rel}","templated":true}]}}