{"id":3273,"date":"2016-08-28T18:08:03","date_gmt":"2016-08-28T22:08:03","guid":{"rendered":"http:\/\/7a2g9abnpa.preview.infomaniak.website\/?page_id=3273"},"modified":"2023-05-24T11:33:43","modified_gmt":"2023-05-24T15:33:43","slug":"3d-interactive-installation","status":"publish","type":"page","link":"http:\/\/www.cinedanse.ca\/en\/3d-interactive-installation\/","title":{"rendered":"\u00abShall We Dance?\u00bb"},"content":{"rendered":"<h3>A 3D Interactive Installation<\/h3>\n<h3>___________________________________<\/h3>\n<p><a href=\"https:\/\/www.cinedanse.ca\/wp-content\/uploads\/2016\/08\/photo2-e1472502063566.jpg\"><img loading=\"lazy\" decoding=\"async\" class=\"wp-image-3263  aligncenter\" src=\"https:\/\/www.cinedanse.ca\/wp-content\/uploads\/2016\/08\/photo2-300x225.jpg\" alt=\"cr\u00e9dit : Simon Dumas\" width=\"565\" height=\"423\" \/><\/a>\u00a0 \u00a0 \u00a0 \u00a0 \u00a0 \u00a0 \u00a0 \u00a0 \u00a0 \u00a0 \u00a0 \u00a0 \u00a0 \u00a0 \u00a0 \u00a0 \u00a0 \u00a0 \u00a0 \u00a0 \u00a0 \u00a0 \u00a0 \u00a0 \u00a0 \u00a0 \u00a0 \u00a0 \u00a0 \u00a0 \u00a0 \u00a0 \u00a0 \u00a0 \u00a0 \u00a0 \u00a0 \u00a0 \u00a0cr\u00e9dit : Simon Dumas<\/p>\n<p style=\"text-align: left;\">Originally created for poetry by Productions Rhizome, the interactive video installation <em>Choir(s)<\/em> was inaugurated in October 2015 at the opening of the House of Literature in Qu\u00e9bec City and then, was presented during the <em>Transnum\u00e9riques<\/em> in Mons (Belgium), European capital of culture 2015.<\/p>\n<p style=\"text-align: left;\">This fascinating work immediately interested Sylvain Bleau, director of Cin\u00e9danse. He grasped his great potential to recreate it to the world of dance.<\/p>\n<p style=\"text-align: left;\">This project would be a recreation for nine dancers shown in a full size 3D environment called <em>Shall We Dance?<\/em><\/p>\n<h3>___________________________________<\/h3>\n<h3>A unique 3D device developed to capture the meaning of the visitor<\/h3>\n<p>Nine performers and \/ or choreographers from Canada and abroad will share a unique experience at the confluence of new artistic practices. A trace they left, snatches of visual and audio codes with a digital device that interact. Together, especially, but also with the visitor. When, he is located in the square of light, all dancers begin to move simultaneously. Then, gradually, one by one, two by two, they offer their solo or their dance.<\/p>\n<p>The device consists of three triangular prisms with nine projection surfaces and 13 audio channels. This device spatializes video of the nine surfaces that allow dancers to be screened full size in a 3D environment. Nine speakers, located inside prisms, give the visitor the impression of being in the same room as the performer(s). Four others, installed all over the room, broadcast in &#8220;tetraphonie&#8221; audio parts.<\/p>\n<p>A new way of spreading dance outside the cheaters, this installation can be found in a museum or gallery, or other artistic black box space.<\/p>\n<p><span lang=\"en\">Our world needs to reconnect with its senses and our project <em>Shall We Dance?<\/em> combines the universal and international character of the dance innovation, one which captures the zeitgeist.<\/span><\/p>\n<p>And the same nagging question that haunts our approach finds an answer: \u00abWhy dance when there is so much to do? Because&#8230; because our world, here and everywhere, needs a lot, a lot of dancing!\u00bb.<\/p>\n<h3>___________________________________<\/h3>\n<h3>An excerpt from the original work for poets<\/h3>\n<p><iframe loading=\"lazy\" title=\"Ch&oelig;ur(s) &mdash; machine &agrave; pr&eacute;sences po&eacute;tiques\" src=\"https:\/\/player.vimeo.com\/video\/85195804?dnt=1&#038;app_id=122963\" width=\"1020\" height=\"574\" frameborder=\"0\" allow=\"autoplay; fullscreen\" allowfullscreen><\/iframe><\/p>\n<h3>___________________________________<\/h3>\n<h3>Partners of creation and production<\/h3>\n<p><strong><span lang=\"en\"><em>Shall We Dance?<\/em> will be inaugurated on the occasion of the 3rd edition of Cin\u00e9danse to be held at the new <a href=\"http:\/\/courdesarts.ca\">Ottawa Arts Court<\/a> in the spring of 2018.<\/span><\/strong><\/p>\n<p>Our partners and coproducers : Cin\u00e9danse and his producer\u00a0La Caravane de Phoebus (Montr\u00e9al), Productions Rhizome and LANTISS, the Laboratory of New Technologies, Image, Sound and Stage at Universit\u00e9 Laval (both in Qu\u00e9bec City), Ottawa\u2019s Arts Court and ODD Ottawa Dance Directive Centre de danse contemporaine.<\/p>\n<dl id=\"attachment_3264\" class=\"wp-caption alignleft\" style=\"width: 459px;\">\n<dt class=\"wp-caption-dt\"><a href=\"https:\/\/www.cinedanse.ca\/wp-content\/uploads\/2016\/08\/photo4.jpg\"><img loading=\"lazy\" decoding=\"async\" class=\"wp-image-3264 \" src=\"https:\/\/www.cinedanse.ca\/wp-content\/uploads\/2016\/08\/photo4-300x200.jpg\" alt=\"cr\u00e9dit : Simon Dumas\" width=\"449\" height=\"227\" \/><\/a><\/dt>\n<\/dl>\n<h3>___________________________________<\/h3>\n<p><a href=\"https:\/\/www.cinedanse.ca\/wp-content\/uploads\/2014\/10\/caravane.jpg\"><img loading=\"lazy\" decoding=\"async\" class=\"alignnone size-full wp-image-600\" src=\"https:\/\/www.cinedanse.ca\/wp-content\/uploads\/2014\/10\/caravane.jpg\" alt=\"caravane\" width=\"100\" height=\"100\" srcset=\"http:\/\/www.cinedanse.ca\/wp-content\/uploads\/2014\/10\/caravane.jpg 100w, http:\/\/www.cinedanse.ca\/wp-content\/uploads\/2014\/10\/caravane-44x44.jpg 44w\" sizes=\"auto, (max-width: 100px) 100vw, 100px\" \/><\/a>\u00a0 \u00a0 \u00a0 \u00a0 \u00a0 \u00a0\u00a0<a href=\"https:\/\/www.cinedanse.ca\/wp-content\/uploads\/2016\/08\/logorhizome.png\"><img loading=\"lazy\" decoding=\"async\" class=\"alignnone size-full wp-image-3313\" src=\"https:\/\/www.cinedanse.ca\/wp-content\/uploads\/2016\/08\/logorhizome.png\" alt=\"logorhizome\" width=\"126\" height=\"70\" \/><\/a><\/p>\n<p>&nbsp;<\/p>\n","protected":false},"excerpt":{"rendered":"<p>A 3D Interactive Installation ___________________________________ \u00a0 \u00a0 \u00a0 \u00a0 \u00a0 \u00a0 \u00a0 \u00a0 \u00a0 \u00a0 \u00a0 \u00a0 \u00a0 \u00a0 \u00a0 \u00a0 \u00a0 \u00a0 \u00a0 \u00a0 \u00a0 \u00a0 \u00a0 \u00a0 \u00a0 \u00a0 \u00a0 \u00a0 \u00a0 \u00a0 \u00a0 \u00a0 \u00a0 \u00a0 \u00a0 \u00a0 \u00a0 \u00a0 \u00a0cr\u00e9dit : Simon Dumas Originally created for poetry by Productions Rhizome, the [&#8230;]\n","protected":false},"author":15,"featured_media":0,"parent":0,"menu_order":300,"comment_status":"closed","ping_status":"closed","template":"","meta":{"_acf_changed":false,"footnotes":""},"class_list":["post-3273","page","type-page","status-publish","hentry"],"acf":[],"yoast_head":"<!-- This site is optimized with the Yoast SEO plugin v27.2 - https:\/\/yoast.com\/product\/yoast-seo-wordpress\/ -->\n<title>\u00abShall We Dance?\u00bb | Cin\u00e9danse<\/title>\n<meta name=\"robots\" content=\"index, follow, max-snippet:-1, max-image-preview:large, max-video-preview:-1\" \/>\n<link rel=\"canonical\" href=\"http:\/\/www.cinedanse.ca\/en\/3d-interactive-installation\/\" \/>\n<meta property=\"og:locale\" content=\"en_US\" \/>\n<meta property=\"og:type\" content=\"article\" \/>\n<meta property=\"og:title\" content=\"\u00abShall We Dance?\u00bb | Cin\u00e9danse\" \/>\n<meta property=\"og:description\" content=\"A 3D Interactive Installation ___________________________________ \u00a0 \u00a0 \u00a0 \u00a0 \u00a0 \u00a0 \u00a0 \u00a0 \u00a0 \u00a0 \u00a0 \u00a0 \u00a0 \u00a0 \u00a0 \u00a0 \u00a0 \u00a0 \u00a0 \u00a0 \u00a0 \u00a0 \u00a0 \u00a0 \u00a0 \u00a0 \u00a0 \u00a0 \u00a0 \u00a0 \u00a0 \u00a0 \u00a0 \u00a0 \u00a0 \u00a0 \u00a0 \u00a0 \u00a0cr\u00e9dit : Simon Dumas Originally created for poetry by Productions Rhizome, the [...]\" \/>\n<meta property=\"og:url\" content=\"http:\/\/www.cinedanse.ca\/en\/3d-interactive-installation\/\" \/>\n<meta property=\"og:site_name\" content=\"Cin\u00e9danse\" \/>\n<meta property=\"article:publisher\" content=\"https:\/\/www.facebook.com\/cinedanse.ca\/\" \/>\n<meta property=\"article:modified_time\" content=\"2023-05-24T15:33:43+00:00\" \/>\n<meta property=\"og:image\" content=\"https:\/\/www.cinedanse.ca\/wp-content\/uploads\/2016\/08\/photo2-300x225.jpg\" \/>\n<meta name=\"twitter:card\" content=\"summary_large_image\" \/>\n<meta name=\"twitter:label1\" content=\"Est. reading time\" \/>\n\t<meta name=\"twitter:data1\" content=\"2 minutes\" \/>\n<script type=\"application\/ld+json\" class=\"yoast-schema-graph\">{\"@context\":\"https:\/\/schema.org\",\"@graph\":[{\"@type\":\"Article\",\"@id\":\"http:\/\/www.cinedanse.ca\/en\/3d-interactive-installation\/#article\",\"isPartOf\":{\"@id\":\"http:\/\/www.cinedanse.ca\/en\/3d-interactive-installation\/\"},\"author\":{\"name\":\"Simon St-Denis\",\"@id\":\"https:\/\/www.cinedanse.ca\/en\/#\/schema\/person\/53138c5c0efc9d2d6f8ba6ee580e5e88\"},\"headline\":\"\u00abShall We Dance?\u00bb\",\"datePublished\":\"2016-08-28T22:08:03+00:00\",\"dateModified\":\"2023-05-24T15:33:43+00:00\",\"mainEntityOfPage\":{\"@id\":\"http:\/\/www.cinedanse.ca\/en\/3d-interactive-installation\/\"},\"wordCount\":435,\"image\":{\"@id\":\"http:\/\/www.cinedanse.ca\/en\/3d-interactive-installation\/#primaryimage\"},\"thumbnailUrl\":\"https:\/\/www.cinedanse.ca\/wp-content\/uploads\/2016\/08\/photo2-300x225.jpg\",\"inLanguage\":\"en-US\"},{\"@type\":\"WebPage\",\"@id\":\"http:\/\/www.cinedanse.ca\/en\/3d-interactive-installation\/\",\"url\":\"http:\/\/www.cinedanse.ca\/en\/3d-interactive-installation\/\",\"name\":\"\u00abShall We Dance?\u00bb | Cin\u00e9danse\",\"isPartOf\":{\"@id\":\"https:\/\/www.cinedanse.ca\/en\/#website\"},\"primaryImageOfPage\":{\"@id\":\"http:\/\/www.cinedanse.ca\/en\/3d-interactive-installation\/#primaryimage\"},\"image\":{\"@id\":\"http:\/\/www.cinedanse.ca\/en\/3d-interactive-installation\/#primaryimage\"},\"thumbnailUrl\":\"https:\/\/www.cinedanse.ca\/wp-content\/uploads\/2016\/08\/photo2-300x225.jpg\",\"datePublished\":\"2016-08-28T22:08:03+00:00\",\"dateModified\":\"2023-05-24T15:33:43+00:00\",\"breadcrumb\":{\"@id\":\"http:\/\/www.cinedanse.ca\/en\/3d-interactive-installation\/#breadcrumb\"},\"inLanguage\":\"en-US\",\"potentialAction\":[{\"@type\":\"ReadAction\",\"target\":[\"http:\/\/www.cinedanse.ca\/en\/3d-interactive-installation\/\"]}]},{\"@type\":\"ImageObject\",\"inLanguage\":\"en-US\",\"@id\":\"http:\/\/www.cinedanse.ca\/en\/3d-interactive-installation\/#primaryimage\",\"url\":\"https:\/\/www.cinedanse.ca\/wp-content\/uploads\/2016\/08\/photo2-300x225.jpg\",\"contentUrl\":\"https:\/\/www.cinedanse.ca\/wp-content\/uploads\/2016\/08\/photo2-300x225.jpg\"},{\"@type\":\"BreadcrumbList\",\"@id\":\"http:\/\/www.cinedanse.ca\/en\/3d-interactive-installation\/#breadcrumb\",\"itemListElement\":[{\"@type\":\"ListItem\",\"position\":1,\"name\":\"Accueil\",\"item\":\"https:\/\/www.cinedanse.ca\/en\/\"},{\"@type\":\"ListItem\",\"position\":2,\"name\":\"\u00abShall We Dance?\u00bb\"}]},{\"@type\":\"WebSite\",\"@id\":\"https:\/\/www.cinedanse.ca\/en\/#website\",\"url\":\"https:\/\/www.cinedanse.ca\/en\/\",\"name\":\"Cin\u00e9danse\",\"description\":\"Because our world truly needs to dance!\",\"alternateName\":\"Cin\u00e9danse\",\"potentialAction\":[{\"@type\":\"SearchAction\",\"target\":{\"@type\":\"EntryPoint\",\"urlTemplate\":\"https:\/\/www.cinedanse.ca\/en\/?s={search_term_string}\"},\"query-input\":{\"@type\":\"PropertyValueSpecification\",\"valueRequired\":true,\"valueName\":\"search_term_string\"}}],\"inLanguage\":\"en-US\"},{\"@type\":\"Person\",\"@id\":\"https:\/\/www.cinedanse.ca\/en\/#\/schema\/person\/53138c5c0efc9d2d6f8ba6ee580e5e88\",\"name\":\"Simon St-Denis\",\"image\":{\"@type\":\"ImageObject\",\"inLanguage\":\"en-US\",\"@id\":\"https:\/\/secure.gravatar.com\/avatar\/0905d0761a60352e2f08ea602826cd460fb3731a772a2162afa5b41bca5e5706?s=96&d=mm&r=g\",\"url\":\"https:\/\/secure.gravatar.com\/avatar\/0905d0761a60352e2f08ea602826cd460fb3731a772a2162afa5b41bca5e5706?s=96&d=mm&r=g\",\"contentUrl\":\"https:\/\/secure.gravatar.com\/avatar\/0905d0761a60352e2f08ea602826cd460fb3731a772a2162afa5b41bca5e5706?s=96&d=mm&r=g\",\"caption\":\"Simon St-Denis\"}}]}<\/script>\n<!-- \/ Yoast SEO plugin. -->","yoast_head_json":{"title":"\u00abShall We Dance?\u00bb | Cin\u00e9danse","robots":{"index":"index","follow":"follow","max-snippet":"max-snippet:-1","max-image-preview":"max-image-preview:large","max-video-preview":"max-video-preview:-1"},"canonical":"http:\/\/www.cinedanse.ca\/en\/3d-interactive-installation\/","og_locale":"en_US","og_type":"article","og_title":"\u00abShall We Dance?\u00bb | Cin\u00e9danse","og_description":"A 3D Interactive Installation ___________________________________ \u00a0 \u00a0 \u00a0 \u00a0 \u00a0 \u00a0 \u00a0 \u00a0 \u00a0 \u00a0 \u00a0 \u00a0 \u00a0 \u00a0 \u00a0 \u00a0 \u00a0 \u00a0 \u00a0 \u00a0 \u00a0 \u00a0 \u00a0 \u00a0 \u00a0 \u00a0 \u00a0 \u00a0 \u00a0 \u00a0 \u00a0 \u00a0 \u00a0 \u00a0 \u00a0 \u00a0 \u00a0 \u00a0 \u00a0cr\u00e9dit : Simon Dumas Originally created for poetry by Productions Rhizome, the [...]","og_url":"http:\/\/www.cinedanse.ca\/en\/3d-interactive-installation\/","og_site_name":"Cin\u00e9danse","article_publisher":"https:\/\/www.facebook.com\/cinedanse.ca\/","article_modified_time":"2023-05-24T15:33:43+00:00","og_image":[{"url":"https:\/\/www.cinedanse.ca\/wp-content\/uploads\/2016\/08\/photo2-300x225.jpg","type":"","width":"","height":""}],"twitter_card":"summary_large_image","twitter_misc":{"Est. reading time":"2 minutes"},"schema":{"@context":"https:\/\/schema.org","@graph":[{"@type":"Article","@id":"http:\/\/www.cinedanse.ca\/en\/3d-interactive-installation\/#article","isPartOf":{"@id":"http:\/\/www.cinedanse.ca\/en\/3d-interactive-installation\/"},"author":{"name":"Simon St-Denis","@id":"https:\/\/www.cinedanse.ca\/en\/#\/schema\/person\/53138c5c0efc9d2d6f8ba6ee580e5e88"},"headline":"\u00abShall We Dance?\u00bb","datePublished":"2016-08-28T22:08:03+00:00","dateModified":"2023-05-24T15:33:43+00:00","mainEntityOfPage":{"@id":"http:\/\/www.cinedanse.ca\/en\/3d-interactive-installation\/"},"wordCount":435,"image":{"@id":"http:\/\/www.cinedanse.ca\/en\/3d-interactive-installation\/#primaryimage"},"thumbnailUrl":"https:\/\/www.cinedanse.ca\/wp-content\/uploads\/2016\/08\/photo2-300x225.jpg","inLanguage":"en-US"},{"@type":"WebPage","@id":"http:\/\/www.cinedanse.ca\/en\/3d-interactive-installation\/","url":"http:\/\/www.cinedanse.ca\/en\/3d-interactive-installation\/","name":"\u00abShall We Dance?\u00bb | Cin\u00e9danse","isPartOf":{"@id":"https:\/\/www.cinedanse.ca\/en\/#website"},"primaryImageOfPage":{"@id":"http:\/\/www.cinedanse.ca\/en\/3d-interactive-installation\/#primaryimage"},"image":{"@id":"http:\/\/www.cinedanse.ca\/en\/3d-interactive-installation\/#primaryimage"},"thumbnailUrl":"https:\/\/www.cinedanse.ca\/wp-content\/uploads\/2016\/08\/photo2-300x225.jpg","datePublished":"2016-08-28T22:08:03+00:00","dateModified":"2023-05-24T15:33:43+00:00","breadcrumb":{"@id":"http:\/\/www.cinedanse.ca\/en\/3d-interactive-installation\/#breadcrumb"},"inLanguage":"en-US","potentialAction":[{"@type":"ReadAction","target":["http:\/\/www.cinedanse.ca\/en\/3d-interactive-installation\/"]}]},{"@type":"ImageObject","inLanguage":"en-US","@id":"http:\/\/www.cinedanse.ca\/en\/3d-interactive-installation\/#primaryimage","url":"https:\/\/www.cinedanse.ca\/wp-content\/uploads\/2016\/08\/photo2-300x225.jpg","contentUrl":"https:\/\/www.cinedanse.ca\/wp-content\/uploads\/2016\/08\/photo2-300x225.jpg"},{"@type":"BreadcrumbList","@id":"http:\/\/www.cinedanse.ca\/en\/3d-interactive-installation\/#breadcrumb","itemListElement":[{"@type":"ListItem","position":1,"name":"Accueil","item":"https:\/\/www.cinedanse.ca\/en\/"},{"@type":"ListItem","position":2,"name":"\u00abShall We Dance?\u00bb"}]},{"@type":"WebSite","@id":"https:\/\/www.cinedanse.ca\/en\/#website","url":"https:\/\/www.cinedanse.ca\/en\/","name":"Cin\u00e9danse","description":"Because our world truly needs to dance!","alternateName":"Cin\u00e9danse","potentialAction":[{"@type":"SearchAction","target":{"@type":"EntryPoint","urlTemplate":"https:\/\/www.cinedanse.ca\/en\/?s={search_term_string}"},"query-input":{"@type":"PropertyValueSpecification","valueRequired":true,"valueName":"search_term_string"}}],"inLanguage":"en-US"},{"@type":"Person","@id":"https:\/\/www.cinedanse.ca\/en\/#\/schema\/person\/53138c5c0efc9d2d6f8ba6ee580e5e88","name":"Simon St-Denis","image":{"@type":"ImageObject","inLanguage":"en-US","@id":"https:\/\/secure.gravatar.com\/avatar\/0905d0761a60352e2f08ea602826cd460fb3731a772a2162afa5b41bca5e5706?s=96&d=mm&r=g","url":"https:\/\/secure.gravatar.com\/avatar\/0905d0761a60352e2f08ea602826cd460fb3731a772a2162afa5b41bca5e5706?s=96&d=mm&r=g","contentUrl":"https:\/\/secure.gravatar.com\/avatar\/0905d0761a60352e2f08ea602826cd460fb3731a772a2162afa5b41bca5e5706?s=96&d=mm&r=g","caption":"Simon St-Denis"}}]}},"_links":{"self":[{"href":"http:\/\/www.cinedanse.ca\/en\/wp-json\/wp\/v2\/pages\/3273","targetHints":{"allow":["GET"]}}],"collection":[{"href":"http:\/\/www.cinedanse.ca\/en\/wp-json\/wp\/v2\/pages"}],"about":[{"href":"http:\/\/www.cinedanse.ca\/en\/wp-json\/wp\/v2\/types\/page"}],"author":[{"embeddable":true,"href":"http:\/\/www.cinedanse.ca\/en\/wp-json\/wp\/v2\/users\/15"}],"replies":[{"embeddable":true,"href":"http:\/\/www.cinedanse.ca\/en\/wp-json\/wp\/v2\/comments?post=3273"}],"version-history":[{"count":0,"href":"http:\/\/www.cinedanse.ca\/en\/wp-json\/wp\/v2\/pages\/3273\/revisions"}],"wp:attachment":[{"href":"http:\/\/www.cinedanse.ca\/en\/wp-json\/wp\/v2\/media?parent=3273"}],"curies":[{"name":"wp","href":"https:\/\/api.w.org\/{rel}","templated":true}]}}